{"id":71,"date":"2025-03-15T17:19:00","date_gmt":"2025-03-15T16:19:00","guid":{"rendered":"https:\/\/fenix-ayurveda.fr\/?page_id=71"},"modified":"2025-07-03T17:26:17","modified_gmt":"2025-07-03T15:26:17","slug":"comment-se-deroule-un-massage","status":"publish","type":"page","link":"https:\/\/fenix-ayurveda.fr\/index.php\/comment-se-deroule-un-massage\/","title":{"rendered":"D\u00e9roulement d\u2019un massage : une exp\u00e9rience de bien-\u00eatre sur mesure"},"content":{"rendered":"\n<p>Chaque s\u00e9ance de massage est une parenth\u00e8se de d\u00e9tente et de reconnexion avec soi.<\/p>\n\n\n\n<ul class=\"wp-block-list\">\n<li><strong>Le massage Abhyanga<\/strong> dure entre <strong>60 et 90 minutes<\/strong>, selon vos besoins et les ressentis exprim\u00e9s par votre corps durant la s\u00e9ance.<\/li>\n\n\n\n<li><strong>Le massage Sattvique<\/strong> dure g\u00e9n\u00e9ralement <strong>60 minutes<\/strong>.<\/li>\n<\/ul>\n\n\n\n<p>Pr\u00e9voyez un total de <strong>2 heures<\/strong> pour vivre pleinement cette exp\u00e9rience et, si vous avez des contraintes de temps, n\u2019h\u00e9sitez pas \u00e0 m\u2019en faire part pour que votre confort soit pr\u00e9serv\u00e9.<br><\/p>\n\n\n\n<h2 class=\"wp-block-heading\">Le massage se d\u00e9roule en 3 \u00e9tapes :<\/h2>\n\n\n\n<h3 class=\"wp-block-heading\"><strong>1. L\u2019accueil : un moment d\u2019\u00e9change et de pr\u00e9paration<\/strong><\/h3>\n\n\n\n<p>Selon la philosophie de l\u2019Ayurv\u00e9da, l\u2019accueil est <strong>centr\u00e9 sur vous en tant que personne<\/strong>.<\/p>\n\n\n\n<p>Nous d\u00e9butons par un \u00e9change afin que je puisse prendre connaissance de vos attentes, votre \u00e9tat d\u2019\u00e9nergie du moment, votre \u00e9tat d\u2019esprit, d\u2019\u00e9ventuelles douleurs pr\u00e9sentes et r\u00e9pondre \u00e0 vos questions.<br>Nous validons ensemble le d\u00e9roul\u00e9 du massage afin qu\u2019il soit parfaitement adapt\u00e9 \u00e0 vos besoins.<\/p>\n\n\n\n<h3 class=\"wp-block-heading\">2. Le d\u00e9roul\u00e9 du massage : une approche personnalis\u00e9e<\/h3>\n\n\n\n<p>Le massage est <strong>adapt\u00e9 \u00e0 vos besoins et \u00e0 mon ressenti en tant que masseur<\/strong>. Il est essentiel que vous vous sentiez libre de mentionner toute sensation inconfortable d\u00e8s qu\u2019elle appara\u00eet, afin qu\u2019elle ne devienne ni une g\u00eane ni une frustration.<br>C\u2019est un <strong>cadeau que vous vous offrez<\/strong>, autant qu\u2019il soit pleinement agr\u00e9able.<\/p>\n\n\n\n<p>Le massage <strong>Abhyanga ou Sattvique<\/strong> se pratique \u00e0 <strong>l\u2019huile chaude<\/strong>, des pieds \u00e0 la t\u00eate.<br>Vous \u00eates libre de conserver vos sous-v\u00eatements (ou maillot) ou d\u2019\u00eatre enti\u00e8rement nu(e), sachant que des serviettes vous garderont au chaud tout en pr\u00e9servant votre intimit\u00e9.<br>Le respect de vos limites est <strong>fondamental<\/strong>, tant pour votre bien-\u00eatre que pour garantir que cette exp\u00e9rience soit une vraie source de bien-\u00eatre.<\/p>\n\n\n\n<p>Nous abordons toujours cette question lors de l\u2019accueil, car <strong>chaque s\u00e9ance est unique<\/strong>, et votre ressenti peut \u00e9voluer d\u2019un jour \u00e0 l\u2019autre.<\/p>\n\n\n\n<h3 class=\"wp-block-heading\">3. Le retour \u00e0 la r\u00e9alit\u00e9 : un temps d\u2019int\u00e9gration<\/h3>\n\n\n\n<p>Chaque massage procure des effets diff\u00e9rents. Prendre <strong>quelques instants pour revenir \u00e0 la r\u00e9alit\u00e9<\/strong> est souvent b\u00e9n\u00e9fique.<br>Si vous le souhaitez, nous pouvons \u00e9changer en fin de s\u00e9ance sur vos ressentis. Et un retour le lendemain ou quelques jours plus tard est toujours bienvenu.<\/p>\n\n\n\n<h1 class=\"wp-block-heading\">Ce que vous pouvez apporter pour votre confort :<\/h1>\n\n\n\n<ul class=\"wp-block-list\">\n<li><strong>4 grandes serviettes<\/strong> (minimum <strong>100\u00d750 cm<\/strong>, dont une de min <strong>1,5m de long<\/strong>).<br>Une option de location est disponible (offerte pour les p\u00e8lerins).<br><\/li>\n\n\n\n<li><strong>Des sous-v\u00eatements pouvant \u00eatre tach\u00e9s par l\u2019huile<\/strong>.<br>Il est aussi possible d\u2019acheter des sous-v\u00eatements jetables (<a href=\"https:\/\/fenix-ayurveda.fr\/index.php\/mes-honoraires\/\" data-type=\"page\" data-id=\"45\">voir ici<\/a>).<br>Pour les femmes souhaitant garder un dessus de sous-v\u00eatements, une <strong>brassi\u00e8re sans armature ouvrable dans le dos<\/strong> est id\u00e9ale.<br><\/li>\n\n\n\n<li><strong>Des v\u00eatements adapt\u00e9s apr\u00e8s le massage<\/strong>, car malgr\u00e9 un essuyage, la peau reste l\u00e9g\u00e8rement huil\u00e9e.<br>Il est b\u00e9n\u00e9fique de laisser l\u2019huile p\u00e9n\u00e9trer la peau apr\u00e8s la s\u00e9ance.<\/li>\n<\/ul>\n\n\n\n<h2 class=\"wp-block-heading\"><strong>Si vous choisissez le massage Sattvique sans huile :<\/strong><\/h2>\n\n\n\n<p><\/p>\n\n\n\n<ul class=\"wp-block-list\">\n<li><strong>Des v\u00eatements confortables<\/strong> qui peuvent \u00eatre froiss\u00e9s ou des v\u00eatements de rechange.<br><\/li>\n\n\n\n<li><strong>4 grandes serviettes<\/strong> ou une <strong>grande couverture<\/strong> pour vous garder au chaud pendant toute la s\u00e9ance.<\/li>\n<\/ul>\n\n\n<div class=\"is-default-size wp-block-site-logo\"><a href=\"https:\/\/fenix-ayurveda.fr\/\" class=\"custom-logo-link\" rel=\"home\"><img loading=\"lazy\" decoding=\"async\" width=\"1024\" height=\"1024\" src=\"https:\/\/fenix-ayurveda.fr\/wp-content\/uploads\/2024\/07\/Fenix_vert1.png\" class=\"custom-logo\" alt=\"Fenix Ayurv\u00e9da\" srcset=\"https:\/\/fenix-ayurveda.fr\/wp-content\/uploads\/2024\/07\/Fenix_vert1.png 1024w, https:\/\/fenix-ayurveda.fr\/wp-content\/uploads\/2024\/07\/Fenix_vert1-300x300.png 300w, https:\/\/fenix-ayurveda.fr\/wp-content\/uploads\/2024\/07\/Fenix_vert1-150x150.png 150w, https:\/\/fenix-ayurveda.fr\/wp-content\/uploads\/2024\/07\/Fenix_vert1-768x768.png 768w, https:\/\/fenix-ayurveda.fr\/wp-content\/uploads\/2024\/07\/Fenix_vert1-100x100.png 100w\" sizes=\"auto, 100vw\" \/><\/a><\/div>\n\n\n<div class=\"wp-block-group alignfull is-content-justification-space-between is-layout-flex wp-container-core-group-is-layout-0904c582 wp-block-group-is-layout-flex\" style=\"margin-top:0;margin-bottom:0;padding-top:var(--wp--preset--spacing--50);padding-right:var(--wp--preset--spacing--30);padding-bottom:var(--wp--preset--spacing--50);padding-left:var(--wp--preset--spacing--30)\">\n<div class=\"wp-block-group is-content-justification-right is-layout-flex wp-container-core-group-is-layout-58daa69f wp-block-group-is-layout-flex\">\n<div class=\"wp-block-group is-vertical is-layout-flex wp-container-core-group-is-layout-8cf370e7 wp-block-group-is-layout-flex\">\n<p class=\"has-text-align-left\">Pages<\/p>\n\n\n\n<ul class=\"wp-block-list\">\n<li><a href=\"https:\/\/fenix-ayurveda.fr\/\">Bienvenue<\/a><\/li>\n\n\n\n<li><a href=\"https:\/\/fenix-ayurveda.fr\/index.php\/qui-suis-je-et-pourquoi-layurveda\/\">Qui-suis-je et pourquoi l&rsquo;ayurveda<\/a>?<\/li>\n\n\n\n<li><a href=\"https:\/\/fenix-ayurveda.fr\/index.php\/layurveda-une-sagesse-millenaire-au-service-de-lequilibre\/\">L\u2019Ayurveda, une sagesse mill\u00e9naire au service de l\u2019\u00e9quilibre<\/a><\/li>\n\n\n\n<li><a href=\"https:\/\/fenix-ayurveda.fr\/index.php\/massage-bien-etre\/\">D\u00e9couvrez les bienfaits du massage ayurv\u00e9dique<\/a><\/li>\n\n\n\n<li><a href=\"https:\/\/fenix-ayurveda.fr\/index.php\/comment-se-deroule-un-massage\/\">D\u00e9roulement d\u2019un massage : une exp\u00e9rience de bien-\u00eatre sur mesure<\/a><\/li>\n\n\n\n<li><a href=\"https:\/\/fenix-ayurveda.fr\/index.php\/mes-honoraires\/\">Mes honoraires &#8211; consultation en Ayurveda et massages<\/a><\/li>\n\n\n\n<li><a href=\"https:\/\/fenix-ayurveda.fr\/index.php\/autres-activites\/\">Autres activit\u00e9s<\/a><\/li>\n\n\n\n<li><a href=\"https:\/\/fenix-ayurveda.fr\/index.php\/politique-de-confidentialite\/\">Politique de confidentialit\u00e9 et mentions l\u00e9agles<\/a><\/li>\n<\/ul>\n\n\n\n<div style=\"height:0px\" aria-hidden=\"true\" class=\"wp-block-spacer wp-container-content-541a6b20\"><\/div>\n<\/div>\n<\/div>\n<\/div>\n\n\n\n<p><\/p>\n","protected":false},"excerpt":{"rendered":"<p>Chaque s\u00e9ance de massage est une parenth\u00e8se de d\u00e9tente et de reconnexion avec soi. Pr\u00e9voyez un total de 2 heures pour vivre pleinement cette exp\u00e9rience et, si vous avez des contraintes de temps, n\u2019h\u00e9sitez pas \u00e0 m\u2019en faire part pour que votre confort soit pr\u00e9serv\u00e9. Le massage se d\u00e9roule en 3 \u00e9tapes : 1. L\u2019accueil &hellip; <\/p>\n<p class=\"link-more\"><a href=\"https:\/\/fenix-ayurveda.fr\/index.php\/comment-se-deroule-un-massage\/\" class=\"more-link\">Continuer la lecture<span class=\"screen-reader-text\"> de &laquo;&nbsp;D\u00e9roulement d\u2019un massage : une exp\u00e9rience de bien-\u00eatre sur mesure&nbsp;&raquo;<\/span><\/a><\/p>\n","protected":false},"author":2,"featured_media":0,"parent":0,"menu_order":0,"comment_status":"closed","ping_status":"closed","template":"","meta":{"footnotes":""},"class_list":["post-71","page","type-page","status-publish","hentry"],"yoast_head":"<!-- This site is optimized with the Yoast SEO plugin v26.5 - https:\/\/yoast.com\/wordpress\/plugins\/seo\/ -->\n<title>D\u00e9roulement d\u2019un massage : une exp\u00e9rience de bien-\u00eatre sur mesure - Fenix Ayurv\u00e9da<\/title>\n<meta name=\"robots\" content=\"index, follow, max-snippet:-1, max-image-preview:large, max-video-preview:-1\" \/>\n<link rel=\"canonical\" href=\"https:\/\/fenix-ayurveda.fr\/index.php\/comment-se-deroule-un-massage\/\" \/>\n<meta property=\"og:locale\" content=\"fr_FR\" \/>\n<meta property=\"og:type\" content=\"article\" \/>\n<meta property=\"og:title\" content=\"D\u00e9roulement d\u2019un massage : une exp\u00e9rience de bien-\u00eatre sur mesure - Fenix Ayurv\u00e9da\" \/>\n<meta property=\"og:description\" content=\"Chaque s\u00e9ance de massage est une parenth\u00e8se de d\u00e9tente et de reconnexion avec soi. Pr\u00e9voyez un total de 2 heures pour vivre pleinement cette exp\u00e9rience et, si vous avez des contraintes de temps, n\u2019h\u00e9sitez pas \u00e0 m\u2019en faire part pour que votre confort soit pr\u00e9serv\u00e9. Le massage se d\u00e9roule en 3 \u00e9tapes : 1. L\u2019accueil &hellip; Continuer la lecture de &laquo;&nbsp;D\u00e9roulement d\u2019un massage : une exp\u00e9rience de bien-\u00eatre sur mesure&nbsp;&raquo;\" \/>\n<meta property=\"og:url\" content=\"https:\/\/fenix-ayurveda.fr\/index.php\/comment-se-deroule-un-massage\/\" \/>\n<meta property=\"og:site_name\" content=\"Fenix Ayurv\u00e9da\" \/>\n<meta property=\"article:publisher\" content=\"https:\/\/www.facebook.com\/profile.php?id=61575243297109\" \/>\n<meta property=\"article:modified_time\" content=\"2025-07-03T15:26:17+00:00\" \/>\n<meta name=\"twitter:card\" content=\"summary_large_image\" \/>\n<meta name=\"twitter:label1\" content=\"Dur\u00e9e de lecture estim\u00e9e\" \/>\n\t<meta name=\"twitter:data1\" content=\"3 minutes\" \/>\n<script type=\"application\/ld+json\" class=\"yoast-schema-graph\">{\"@context\":\"https:\/\/schema.org\",\"@graph\":[{\"@type\":\"WebPage\",\"@id\":\"https:\/\/fenix-ayurveda.fr\/index.php\/comment-se-deroule-un-massage\/\",\"url\":\"https:\/\/fenix-ayurveda.fr\/index.php\/comment-se-deroule-un-massage\/\",\"name\":\"D\u00e9roulement d\u2019un massage : une exp\u00e9rience de bien-\u00eatre sur mesure - Fenix Ayurv\u00e9da\",\"isPartOf\":{\"@id\":\"https:\/\/fenix-ayurveda.fr\/#website\"},\"datePublished\":\"2025-03-15T16:19:00+00:00\",\"dateModified\":\"2025-07-03T15:26:17+00:00\",\"breadcrumb\":{\"@id\":\"https:\/\/fenix-ayurveda.fr\/index.php\/comment-se-deroule-un-massage\/#breadcrumb\"},\"inLanguage\":\"fr-FR\",\"potentialAction\":[{\"@type\":\"ReadAction\",\"target\":[\"https:\/\/fenix-ayurveda.fr\/index.php\/comment-se-deroule-un-massage\/\"]}]},{\"@type\":\"BreadcrumbList\",\"@id\":\"https:\/\/fenix-ayurveda.fr\/index.php\/comment-se-deroule-un-massage\/#breadcrumb\",\"itemListElement\":[{\"@type\":\"ListItem\",\"position\":1,\"name\":\"Accueil\",\"item\":\"https:\/\/fenix-ayurveda.fr\/\"},{\"@type\":\"ListItem\",\"position\":2,\"name\":\"D\u00e9roulement d\u2019un massage : une exp\u00e9rience de bien-\u00eatre sur mesure\"}]},{\"@type\":\"WebSite\",\"@id\":\"https:\/\/fenix-ayurveda.fr\/#website\",\"url\":\"https:\/\/fenix-ayurveda.fr\/\",\"name\":\"Fenix Ayurv\u00e9da\",\"description\":\"Renaissance de votre sant\u00e9\",\"publisher\":{\"@id\":\"https:\/\/fenix-ayurveda.fr\/#organization\"},\"alternateName\":\"FX Ayurveda\",\"potentialAction\":[{\"@type\":\"SearchAction\",\"target\":{\"@type\":\"EntryPoint\",\"urlTemplate\":\"https:\/\/fenix-ayurveda.fr\/?s={search_term_string}\"},\"query-input\":{\"@type\":\"PropertyValueSpecification\",\"valueRequired\":true,\"valueName\":\"search_term_string\"}}],\"inLanguage\":\"fr-FR\"},{\"@type\":\"Organization\",\"@id\":\"https:\/\/fenix-ayurveda.fr\/#organization\",\"name\":\"Fenix Ayurv\u00e9da\",\"url\":\"https:\/\/fenix-ayurveda.fr\/\",\"logo\":{\"@type\":\"ImageObject\",\"inLanguage\":\"fr-FR\",\"@id\":\"https:\/\/fenix-ayurveda.fr\/#\/schema\/logo\/image\/\",\"url\":\"https:\/\/fenix-ayurveda.fr\/wp-content\/uploads\/2024\/07\/Fenix_vert1.png\",\"contentUrl\":\"https:\/\/fenix-ayurveda.fr\/wp-content\/uploads\/2024\/07\/Fenix_vert1.png\",\"width\":1024,\"height\":1024,\"caption\":\"Fenix Ayurv\u00e9da\"},\"image\":{\"@id\":\"https:\/\/fenix-ayurveda.fr\/#\/schema\/logo\/image\/\"},\"sameAs\":[\"https:\/\/www.facebook.com\/profile.php?id=61575243297109\"]}]}<\/script>\n<!-- \/ Yoast SEO plugin. -->","yoast_head_json":{"title":"D\u00e9roulement d\u2019un massage : une exp\u00e9rience de bien-\u00eatre sur mesure - Fenix Ayurv\u00e9da","robots":{"index":"index","follow":"follow","max-snippet":"max-snippet:-1","max-image-preview":"max-image-preview:large","max-video-preview":"max-video-preview:-1"},"canonical":"https:\/\/fenix-ayurveda.fr\/index.php\/comment-se-deroule-un-massage\/","og_locale":"fr_FR","og_type":"article","og_title":"D\u00e9roulement d\u2019un massage : une exp\u00e9rience de bien-\u00eatre sur mesure - Fenix Ayurv\u00e9da","og_description":"Chaque s\u00e9ance de massage est une parenth\u00e8se de d\u00e9tente et de reconnexion avec soi. Pr\u00e9voyez un total de 2 heures pour vivre pleinement cette exp\u00e9rience et, si vous avez des contraintes de temps, n\u2019h\u00e9sitez pas \u00e0 m\u2019en faire part pour que votre confort soit pr\u00e9serv\u00e9. Le massage se d\u00e9roule en 3 \u00e9tapes : 1. L\u2019accueil &hellip; Continuer la lecture de &laquo;&nbsp;D\u00e9roulement d\u2019un massage : une exp\u00e9rience de bien-\u00eatre sur mesure&nbsp;&raquo;","og_url":"https:\/\/fenix-ayurveda.fr\/index.php\/comment-se-deroule-un-massage\/","og_site_name":"Fenix Ayurv\u00e9da","article_publisher":"https:\/\/www.facebook.com\/profile.php?id=61575243297109","article_modified_time":"2025-07-03T15:26:17+00:00","twitter_card":"summary_large_image","twitter_misc":{"Dur\u00e9e de lecture estim\u00e9e":"3 minutes"},"schema":{"@context":"https:\/\/schema.org","@graph":[{"@type":"WebPage","@id":"https:\/\/fenix-ayurveda.fr\/index.php\/comment-se-deroule-un-massage\/","url":"https:\/\/fenix-ayurveda.fr\/index.php\/comment-se-deroule-un-massage\/","name":"D\u00e9roulement d\u2019un massage : une exp\u00e9rience de bien-\u00eatre sur mesure - Fenix Ayurv\u00e9da","isPartOf":{"@id":"https:\/\/fenix-ayurveda.fr\/#website"},"datePublished":"2025-03-15T16:19:00+00:00","dateModified":"2025-07-03T15:26:17+00:00","breadcrumb":{"@id":"https:\/\/fenix-ayurveda.fr\/index.php\/comment-se-deroule-un-massage\/#breadcrumb"},"inLanguage":"fr-FR","potentialAction":[{"@type":"ReadAction","target":["https:\/\/fenix-ayurveda.fr\/index.php\/comment-se-deroule-un-massage\/"]}]},{"@type":"BreadcrumbList","@id":"https:\/\/fenix-ayurveda.fr\/index.php\/comment-se-deroule-un-massage\/#breadcrumb","itemListElement":[{"@type":"ListItem","position":1,"name":"Accueil","item":"https:\/\/fenix-ayurveda.fr\/"},{"@type":"ListItem","position":2,"name":"D\u00e9roulement d\u2019un massage : une exp\u00e9rience de bien-\u00eatre sur mesure"}]},{"@type":"WebSite","@id":"https:\/\/fenix-ayurveda.fr\/#website","url":"https:\/\/fenix-ayurveda.fr\/","name":"Fenix Ayurv\u00e9da","description":"Renaissance de votre sant\u00e9","publisher":{"@id":"https:\/\/fenix-ayurveda.fr\/#organization"},"alternateName":"FX Ayurveda","potentialAction":[{"@type":"SearchAction","target":{"@type":"EntryPoint","urlTemplate":"https:\/\/fenix-ayurveda.fr\/?s={search_term_string}"},"query-input":{"@type":"PropertyValueSpecification","valueRequired":true,"valueName":"search_term_string"}}],"inLanguage":"fr-FR"},{"@type":"Organization","@id":"https:\/\/fenix-ayurveda.fr\/#organization","name":"Fenix Ayurv\u00e9da","url":"https:\/\/fenix-ayurveda.fr\/","logo":{"@type":"ImageObject","inLanguage":"fr-FR","@id":"https:\/\/fenix-ayurveda.fr\/#\/schema\/logo\/image\/","url":"https:\/\/fenix-ayurveda.fr\/wp-content\/uploads\/2024\/07\/Fenix_vert1.png","contentUrl":"https:\/\/fenix-ayurveda.fr\/wp-content\/uploads\/2024\/07\/Fenix_vert1.png","width":1024,"height":1024,"caption":"Fenix Ayurv\u00e9da"},"image":{"@id":"https:\/\/fenix-ayurveda.fr\/#\/schema\/logo\/image\/"},"sameAs":["https:\/\/www.facebook.com\/profile.php?id=61575243297109"]}]}},"_links":{"self":[{"href":"https:\/\/fenix-ayurveda.fr\/index.php\/wp-json\/wp\/v2\/pages\/71","targetHints":{"allow":["GET"]}}],"collection":[{"href":"https:\/\/fenix-ayurveda.fr\/index.php\/wp-json\/wp\/v2\/pages"}],"about":[{"href":"https:\/\/fenix-ayurveda.fr\/index.php\/wp-json\/wp\/v2\/types\/page"}],"author":[{"embeddable":true,"href":"https:\/\/fenix-ayurveda.fr\/index.php\/wp-json\/wp\/v2\/users\/2"}],"replies":[{"embeddable":true,"href":"https:\/\/fenix-ayurveda.fr\/index.php\/wp-json\/wp\/v2\/comments?post=71"}],"version-history":[{"count":29,"href":"https:\/\/fenix-ayurveda.fr\/index.php\/wp-json\/wp\/v2\/pages\/71\/revisions"}],"predecessor-version":[{"id":280,"href":"https:\/\/fenix-ayurveda.fr\/index.php\/wp-json\/wp\/v2\/pages\/71\/revisions\/280"}],"wp:attachment":[{"href":"https:\/\/fenix-ayurveda.fr\/index.php\/wp-json\/wp\/v2\/media?parent=71"}],"curies":[{"name":"wp","href":"https:\/\/api.w.org\/{rel}","templated":true}]}}