{"id":54,"date":"2025-03-15T17:13:40","date_gmt":"2025-03-15T16:13:40","guid":{"rendered":"https:\/\/fenix-ayurveda.fr\/?page_id=54"},"modified":"2025-07-03T17:25:36","modified_gmt":"2025-07-03T15:25:36","slug":"massage-bien-etre","status":"publish","type":"page","link":"https:\/\/fenix-ayurveda.fr\/index.php\/massage-bien-etre\/","title":{"rendered":"D\u00e9couvrez les bienfaits du massage ayurv\u00e9dique"},"content":{"rendered":"\n<p>Un massage ayurv\u00e9dique vous offre un v\u00e9ritable moment de d\u00e9tente et de bien-\u00eatre, aussi bien pour le corps que pour l\u2019esprit.<\/p>\n\n\n\n<p>Au-del\u00e0 de la relaxation, ces massages favorisent le r\u00e9\u00e9quilibrage des \u00e9nergies vitales et stimulent les capacit\u00e9s naturelles d\u2019auto-gu\u00e9rison du corps.<\/p>\n\n\n\n<p>Tous les massages sont r\u00e9alis\u00e9s avec de l\u2019huile chaude, permettant de nourrir la peau en profondeur et d\u2019en renforcer les bienfaits. Pour des effets optimaux, une pratique r\u00e9guli\u00e8re est recommand\u00e9e.<\/p>\n\n\n\n<p>Les s\u00e9ances se d\u00e9roulent sur un futon pos\u00e9 au sol (sauf pour le massage Kansu), ce qui me permet d\u2019apporter plus de fluidit\u00e9 et de profondeur \u00e0 mes gestes.<\/p>\n\n\n\n<p>Pour les personnes qui ne peuvent pas s\u2019installer au sol, une table de massage est disponible. Le massage y sera moins profond, mais les effets b\u00e9n\u00e9fiques des mouvements et de l\u2019huile chaude resteront pleinement pr\u00e9sents. Afin de mieux vous accueillir, merci de me le pr\u00e9ciser lors de la prise de rendez-vous.<\/p>\n\n\n\n<p>Je propose trois types de massages : <strong>Abhyanga, Kansu et Sattvique<\/strong>.<br>Une option de massage de <strong>30 minutes<\/strong> est \u00e9galement disponible pour cibler une zone sp\u00e9cifique du corps. Retrouvez plus d\u2019informations dans la section <strong>\u201cAutres massages\u201d<\/strong><\/p>\n\n\n\n<h2 class=\"wp-block-heading\"><strong><span style=\"text-decoration: underline;\">Le massage Abhyanga<\/span> <\/strong>: une v\u00e9ritable source de bien-\u00eatre<\/h2>\n\n\n\n<p>Le massage Abhyanga est un soin complet du corps qui offre de nombreux bienfaits :<\/p>\n\n\n\n<ul class=\"wp-block-list\">\n<li><strong>R\u00e9duit la fatigue physique et mentale<\/strong>, pour une sensation de l\u00e9g\u00e8ret\u00e9 et d\u2019apaisement.<\/li>\n\n\n\n<li><strong>Lubrifie les articulations<\/strong>, favorisant leur souplesse et leur confort.<\/li>\n\n\n\n<li><strong>Effet anti-\u00e2ge<\/strong>, il nourrit la peau et aide \u00e0 pr\u00e9venir l\u2019apparition des rides.<\/li>\n\n\n\n<li><strong>R\u00e9\u00e9quilibre le m\u00e9tabolisme et le syst\u00e8me nerveux<\/strong>, apportant harmonie et s\u00e9r\u00e9nit\u00e9.<\/li>\n\n\n\n<li><strong>Nourrit et r\u00e9g\u00e9n\u00e8re la peau<\/strong>, tout en contribuant \u00e0 la r\u00e9duction de la masse graisseuse.<\/li>\n\n\n\n<li><strong>Favorise un sommeil plus profond et r\u00e9parateur<\/strong>, pour une meilleure r\u00e9cup\u00e9ration.<\/li>\n<\/ul>\n\n\n\n<p><strong>Dur\u00e9e et d\u00e9roul\u00e9<\/strong><br>Les s\u00e9ances durent <strong>entre 60 et 90 minutes<\/strong>, selon vos besoins et attentes.<br>Pr\u00e9voyez environ <strong>2 heures<\/strong> pour profiter pleinement du soin et d\u00e9couvrir le d\u00e9roulement du massage.<\/p>\n\n\n\n<p>Afin d\u2019optimiser votre confort, merci d\u2019apporter <strong>4 grandes serviettes<\/strong> (de plage ou de bain, minimum <strong>100\u00d750 cm<\/strong>, dont une id\u00e9alement de <strong>2m de long<\/strong>). Une option de location est disponible\u2014<a href=\"https:\/\/fenix-ayurveda.fr\/index.php\/mes-honoraires\/\" data-type=\"page\" data-id=\"45\">voir mes honoraires pour plus de d\u00e9tails<\/a>.<\/p>\n\n\n\n<p>Pensez aussi \u00e0 prendre des v\u00eatements qui peuvent \u00eatre tach\u00e9s d&rsquo;huile, une fois le massage fini.<\/p>\n\n\n\n<p><strong>Contre-indications<\/strong><br>Ce massage convient \u00e0 <strong>presque tout le monde<\/strong>, mais il est d\u00e9conseill\u00e9 :<\/p>\n\n\n\n<ul class=\"wp-block-list\">\n<li>Aux femmes enceintes ou allaitantes.<\/li>\n\n\n\n<li>Durant les premiers jours des r\u00e8gles.<\/li>\n\n\n\n<li>En cas de maladie contagieuse par voie orale (rhume, grippe\u2026).<\/li>\n\n\n\n<li>En cas de maladie de peau contagieuse (un massage partiel peut \u00eatre discut\u00e9).<\/li>\n<\/ul>\n\n\n\n<p><em>Seules les minutes de massage sont factur\u00e9es\u2014<a href=\"https:\/\/fenix-ayurveda.fr\/index.php\/mes-honoraires\/\" data-type=\"page\" data-id=\"45\">voir mes honoraires pour plus d\u2019informations.<\/a><\/em><\/p>\n\n\n\n<h2 class=\"wp-block-heading\"><strong><span style=\"text-decoration: underline;\">Le massage Kansu<\/span><\/strong> : un soin profond pour vos pieds et mollets<\/h2>\n\n\n\n<p>Ce massage repose sur la combinaison du <strong>Ghee<\/strong> et du <strong>bol Kansu<\/strong>, un outil artisanal compos\u00e9 de cinq m\u00e9taux pr\u00e9cieux : <strong>argent, cuivre, \u00e9tain, or et zinc<\/strong>. Gr\u00e2ce \u00e0 ses propri\u00e9t\u00e9s uniques, il favorise l\u2019\u00e9quilibre \u00e9nerg\u00e9tique et procure une d\u00e9tente profonde.<\/p>\n\n\n\n<p>Les bienfaits du massage Kansu :<\/p>\n\n\n\n<ul class=\"wp-block-list\">\n<li><strong>R\u00e9duit la fatigue physique et mentale<\/strong>, apportant une sensation de l\u00e9g\u00e8ret\u00e9.<\/li>\n\n\n\n<li><strong>Nourrit et r\u00e9g\u00e9n\u00e8re la peau<\/strong>, pour une douceur et une vitalit\u00e9 accrues.<\/li>\n\n\n\n<li><strong>Favorise un sommeil plus profond et r\u00e9parateur<\/strong>, contribuant \u00e0 un meilleur \u00e9quilibre.<\/li>\n\n\n\n<li><strong>Aide le mental et le corps \u00e0 se reconnecter<\/strong>, pour un apaisement global.<\/li>\n<\/ul>\n\n\n\n<p><strong>Dur\u00e9e et d\u00e9roul\u00e9<\/strong><br>Le massage dure environ <strong>30 minutes<\/strong>, ajustables selon vos besoins et attentes.<br>Pr\u00e9voyez un total de <strong>1 heure<\/strong> afin de profiter pleinement du soin et d\u2019\u00eatre dans un \u00e9tat de relaxation optimal.<\/p>\n\n\n\n<p>Afin d\u2019optimiser votre confort, merci d\u2019apporter <strong>1 grande serviette<\/strong> et une paire de chausettes pour apr\u00e8s le massage avec vos pieds encore un peu huileux.<\/p>\n\n\n\n<p>Ce massage se pratique <strong>naturellement sur une table<\/strong>, ce qui me permet d\u2019effectuer des gestes pr\u00e9cis et profonds pour un bien-\u00eatre maximal.<\/p>\n\n\n\n<p><em>Seules les minutes de massage sont factur\u00e9es\u2014<a href=\"https:\/\/fenix-ayurveda.fr\/index.php\/mes-honoraires\/\" data-type=\"page\" data-id=\"45\">voir mes honoraires pour plus d\u2019informations<\/a>.<\/em><\/p>\n\n\n\n<h2 class=\"wp-block-heading\"><strong><span style=\"text-decoration: underline;\">Le massage Sattvique <\/span><\/strong>: une exp\u00e9rience r\u00e9confortante et profonde<\/h2>\n\n\n\n<p>Le massage Sattvique est con\u00e7u pour vous offrir un moment de <strong>r\u00e9confort<\/strong>, de <strong>d\u00e9tente<\/strong> et de <strong>reconnexion avec votre corps<\/strong> gr\u00e2ce \u00e0 des mouvements lents et profonds.<\/p>\n\n\n\n<p>Ses bienfaits incluent :<\/p>\n\n\n\n<ul class=\"wp-block-list\">\n<li><strong>Att\u00e9nue le stress<\/strong>, m\u00eame en cas de surmenage ou de burn-out.<\/li>\n\n\n\n<li><strong>Diminue la fatigue \u00e9motionnelle<\/strong>, aidant \u00e0 retrouver \u00e9quilibre et apaisement.<\/li>\n\n\n\n<li><strong>R\u00e9duit l\u2019agitation mentale et les angoisses<\/strong>, procurant une sensation de calme int\u00e9rieur.<\/li>\n\n\n\n<li><strong>Renforce l\u2019estime de soi et l\u2019acceptation du corps<\/strong>, que ce soit li\u00e9 \u00e0 un traumatisme ou non.<\/li>\n\n\n\n<li><strong>Aide \u00e0 harmoniser les personnes hypersensibles et\/ou hyper\u00e9motives<\/strong>, facilitant un meilleur \u00e9quilibre int\u00e9rieur.<\/li>\n<\/ul>\n\n\n\n<p>Ce massage peut suivre le m\u00eame d\u00e9roul\u00e9 que <strong>l\u2019Abhyanga<\/strong>, ou \u00eatre r\u00e9alis\u00e9 <strong>sur v\u00eatements<\/strong>, sans utilisation d\u2019huile, selon vos pr\u00e9f\u00e9rences.<\/p>\n\n\n\n<p><strong>Dur\u00e9e et d\u00e9roul\u00e9<\/strong><br>Le massage dure environ <strong>60 minutes<\/strong>, ajust\u00e9es selon vos besoins et attentes.<br>Pr\u00e9voyez un total de <strong>2 heures<\/strong> pour profiter pleinement de la s\u00e9ance et d\u00e9couvrir son d\u00e9roulement en toute s\u00e9r\u00e9nit\u00e9.<\/p>\n\n\n\n<p><em>Seules les minutes de massage sont factur\u00e9es\u2014<a href=\"https:\/\/fenix-ayurveda.fr\/index.php\/mes-honoraires\/\" data-type=\"page\" data-id=\"45\">voir mes honoraires pour plus de d\u00e9tails.<\/a><\/em><\/p>\n\n\n\n<h2 class=\"wp-block-heading\">Autres massages : une relaxation cibl\u00e9e<\/h2>\n\n\n\n<p>Si vous souhaitez un soin plus localis\u00e9, un massage partiel est possible, ciblant des zones sp\u00e9cifiques telles que <strong>le dos, les jambes et les pieds<\/strong> (sans bol Kansu).<\/p>\n\n\n\n<p><strong>Dur\u00e9e et d\u00e9roul\u00e9<\/strong><br>La dur\u00e9e du massage est d\u2019environ <strong>30 minutes<\/strong>, ajustables selon vos besoins.<br>Pr\u00e9voyez un total de <strong>1 heure<\/strong> afin de profiter pleinement de la d\u00e9tente et de vous relaxer en toute s\u00e9r\u00e9nit\u00e9.<\/p>\n\n\n\n<p><em>Seules les minutes de massage sont factur\u00e9es\u2014<a href=\"https:\/\/fenix-ayurveda.fr\/index.php\/mes-honoraires\/\" data-type=\"page\" data-id=\"45\">voir mes honoraires pour plus de d\u00e9tails.<\/a><\/em><\/p>\n\n\n\n<p><\/p>\n\n\n\n<h2 class=\"wp-block-heading\"><\/h2>\n\n\n\n<p><\/p>\n\n\n<div class=\"is-default-size wp-block-site-logo\"><a href=\"https:\/\/fenix-ayurveda.fr\/\" class=\"custom-logo-link\" rel=\"home\"><img loading=\"lazy\" decoding=\"async\" width=\"1024\" height=\"1024\" src=\"https:\/\/fenix-ayurveda.fr\/wp-content\/uploads\/2024\/07\/Fenix_vert1.png\" class=\"custom-logo\" alt=\"Fenix Ayurv\u00e9da\" srcset=\"https:\/\/fenix-ayurveda.fr\/wp-content\/uploads\/2024\/07\/Fenix_vert1.png 1024w, https:\/\/fenix-ayurveda.fr\/wp-content\/uploads\/2024\/07\/Fenix_vert1-300x300.png 300w, https:\/\/fenix-ayurveda.fr\/wp-content\/uploads\/2024\/07\/Fenix_vert1-150x150.png 150w, https:\/\/fenix-ayurveda.fr\/wp-content\/uploads\/2024\/07\/Fenix_vert1-768x768.png 768w, https:\/\/fenix-ayurveda.fr\/wp-content\/uploads\/2024\/07\/Fenix_vert1-100x100.png 100w\" sizes=\"auto, 100vw\" \/><\/a><\/div>\n\n\n<p><\/p>\n\n\n\n<p class=\"has-text-align-left\">Pages<\/p>\n\n\n\n<ul class=\"wp-block-list\">\n<li><a href=\"https:\/\/fenix-ayurveda.fr\/\">Bienvenue<\/a><\/li>\n\n\n\n<li><a href=\"https:\/\/fenix-ayurveda.fr\/index.php\/qui-suis-je-et-pourquoi-layurveda\/\">Qui-suis-je et pourquoi l&rsquo;ayurveda<\/a>?<\/li>\n\n\n\n<li><a href=\"https:\/\/fenix-ayurveda.fr\/index.php\/layurveda-une-sagesse-millenaire-au-service-de-lequilibre\/\">L\u2019Ayurveda, une sagesse mill\u00e9naire au service de l\u2019\u00e9quilibre<\/a><\/li>\n\n\n\n<li><a href=\"https:\/\/fenix-ayurveda.fr\/index.php\/massage-bien-etre\/\">D\u00e9couvrez les bienfaits du massage ayurv\u00e9dique<\/a><\/li>\n\n\n\n<li><a href=\"https:\/\/fenix-ayurveda.fr\/index.php\/comment-se-deroule-un-massage\/\">D\u00e9roulement d\u2019un massage : une exp\u00e9rience de bien-\u00eatre sur mesure<\/a><\/li>\n\n\n\n<li><a href=\"https:\/\/fenix-ayurveda.fr\/index.php\/mes-honoraires\/\">Mes honoraires &#8211; consultation en Ayurveda et massages<\/a><\/li>\n\n\n\n<li><a href=\"https:\/\/fenix-ayurveda.fr\/index.php\/autres-activites\/\">Autres activit\u00e9s<\/a><\/li>\n\n\n\n<li><a href=\"https:\/\/fenix-ayurveda.fr\/index.php\/politique-de-confidentialite\/\">Politique de confidentialit\u00e9 et mentions l\u00e9agles<\/a><\/li>\n<\/ul>\n\n\n\n<p><\/p>\n","protected":false},"excerpt":{"rendered":"<p>Un massage ayurv\u00e9dique vous offre un v\u00e9ritable moment de d\u00e9tente et de bien-\u00eatre, aussi bien pour le corps que pour l\u2019esprit. Au-del\u00e0 de la relaxation, ces massages favorisent le r\u00e9\u00e9quilibrage des \u00e9nergies vitales et stimulent les capacit\u00e9s naturelles d\u2019auto-gu\u00e9rison du corps. Tous les massages sont r\u00e9alis\u00e9s avec de l\u2019huile chaude, permettant de nourrir la peau &hellip; <\/p>\n<p class=\"link-more\"><a href=\"https:\/\/fenix-ayurveda.fr\/index.php\/massage-bien-etre\/\" class=\"more-link\">Continuer la lecture<span class=\"screen-reader-text\"> de &laquo;&nbsp;D\u00e9couvrez les bienfaits du massage ayurv\u00e9dique&nbsp;&raquo;<\/span><\/a><\/p>\n","protected":false},"author":2,"featured_media":0,"parent":0,"menu_order":0,"comment_status":"closed","ping_status":"closed","template":"","meta":{"footnotes":""},"class_list":["post-54","page","type-page","status-publish","hentry"],"yoast_head":"<!-- This site is optimized with the Yoast SEO plugin v26.5 - https:\/\/yoast.com\/wordpress\/plugins\/seo\/ -->\n<title>D\u00e9couvrez les bienfaits du massage ayurv\u00e9dique - Fenix Ayurv\u00e9da<\/title>\n<meta name=\"robots\" content=\"index, follow, max-snippet:-1, max-image-preview:large, max-video-preview:-1\" \/>\n<link rel=\"canonical\" href=\"https:\/\/fenix-ayurveda.fr\/index.php\/massage-bien-etre\/\" \/>\n<meta property=\"og:locale\" content=\"fr_FR\" \/>\n<meta property=\"og:type\" content=\"article\" \/>\n<meta property=\"og:title\" content=\"D\u00e9couvrez les bienfaits du massage ayurv\u00e9dique - Fenix Ayurv\u00e9da\" \/>\n<meta property=\"og:description\" content=\"Un massage ayurv\u00e9dique vous offre un v\u00e9ritable moment de d\u00e9tente et de bien-\u00eatre, aussi bien pour le corps que pour l\u2019esprit. Au-del\u00e0 de la relaxation, ces massages favorisent le r\u00e9\u00e9quilibrage des \u00e9nergies vitales et stimulent les capacit\u00e9s naturelles d\u2019auto-gu\u00e9rison du corps. Tous les massages sont r\u00e9alis\u00e9s avec de l\u2019huile chaude, permettant de nourrir la peau &hellip; Continuer la lecture de &laquo;&nbsp;D\u00e9couvrez les bienfaits du massage ayurv\u00e9dique&nbsp;&raquo;\" \/>\n<meta property=\"og:url\" content=\"https:\/\/fenix-ayurveda.fr\/index.php\/massage-bien-etre\/\" \/>\n<meta property=\"og:site_name\" content=\"Fenix Ayurv\u00e9da\" \/>\n<meta property=\"article:publisher\" content=\"https:\/\/www.facebook.com\/profile.php?id=61575243297109\" \/>\n<meta property=\"article:modified_time\" content=\"2025-07-03T15:25:36+00:00\" \/>\n<meta name=\"twitter:card\" content=\"summary_large_image\" \/>\n<meta name=\"twitter:label1\" content=\"Dur\u00e9e de lecture estim\u00e9e\" \/>\n\t<meta name=\"twitter:data1\" content=\"5 minutes\" \/>\n<script type=\"application\/ld+json\" class=\"yoast-schema-graph\">{\"@context\":\"https:\/\/schema.org\",\"@graph\":[{\"@type\":\"WebPage\",\"@id\":\"https:\/\/fenix-ayurveda.fr\/index.php\/massage-bien-etre\/\",\"url\":\"https:\/\/fenix-ayurveda.fr\/index.php\/massage-bien-etre\/\",\"name\":\"D\u00e9couvrez les bienfaits du massage ayurv\u00e9dique - Fenix Ayurv\u00e9da\",\"isPartOf\":{\"@id\":\"https:\/\/fenix-ayurveda.fr\/#website\"},\"datePublished\":\"2025-03-15T16:13:40+00:00\",\"dateModified\":\"2025-07-03T15:25:36+00:00\",\"breadcrumb\":{\"@id\":\"https:\/\/fenix-ayurveda.fr\/index.php\/massage-bien-etre\/#breadcrumb\"},\"inLanguage\":\"fr-FR\",\"potentialAction\":[{\"@type\":\"ReadAction\",\"target\":[\"https:\/\/fenix-ayurveda.fr\/index.php\/massage-bien-etre\/\"]}]},{\"@type\":\"BreadcrumbList\",\"@id\":\"https:\/\/fenix-ayurveda.fr\/index.php\/massage-bien-etre\/#breadcrumb\",\"itemListElement\":[{\"@type\":\"ListItem\",\"position\":1,\"name\":\"Accueil\",\"item\":\"https:\/\/fenix-ayurveda.fr\/\"},{\"@type\":\"ListItem\",\"position\":2,\"name\":\"D\u00e9couvrez les bienfaits du massage ayurv\u00e9dique\"}]},{\"@type\":\"WebSite\",\"@id\":\"https:\/\/fenix-ayurveda.fr\/#website\",\"url\":\"https:\/\/fenix-ayurveda.fr\/\",\"name\":\"Fenix Ayurv\u00e9da\",\"description\":\"Renaissance de votre sant\u00e9\",\"publisher\":{\"@id\":\"https:\/\/fenix-ayurveda.fr\/#organization\"},\"alternateName\":\"FX Ayurveda\",\"potentialAction\":[{\"@type\":\"SearchAction\",\"target\":{\"@type\":\"EntryPoint\",\"urlTemplate\":\"https:\/\/fenix-ayurveda.fr\/?s={search_term_string}\"},\"query-input\":{\"@type\":\"PropertyValueSpecification\",\"valueRequired\":true,\"valueName\":\"search_term_string\"}}],\"inLanguage\":\"fr-FR\"},{\"@type\":\"Organization\",\"@id\":\"https:\/\/fenix-ayurveda.fr\/#organization\",\"name\":\"Fenix Ayurv\u00e9da\",\"url\":\"https:\/\/fenix-ayurveda.fr\/\",\"logo\":{\"@type\":\"ImageObject\",\"inLanguage\":\"fr-FR\",\"@id\":\"https:\/\/fenix-ayurveda.fr\/#\/schema\/logo\/image\/\",\"url\":\"https:\/\/fenix-ayurveda.fr\/wp-content\/uploads\/2024\/07\/Fenix_vert1.png\",\"contentUrl\":\"https:\/\/fenix-ayurveda.fr\/wp-content\/uploads\/2024\/07\/Fenix_vert1.png\",\"width\":1024,\"height\":1024,\"caption\":\"Fenix Ayurv\u00e9da\"},\"image\":{\"@id\":\"https:\/\/fenix-ayurveda.fr\/#\/schema\/logo\/image\/\"},\"sameAs\":[\"https:\/\/www.facebook.com\/profile.php?id=61575243297109\"]}]}<\/script>\n<!-- \/ Yoast SEO plugin. -->","yoast_head_json":{"title":"D\u00e9couvrez les bienfaits du massage ayurv\u00e9dique - Fenix Ayurv\u00e9da","robots":{"index":"index","follow":"follow","max-snippet":"max-snippet:-1","max-image-preview":"max-image-preview:large","max-video-preview":"max-video-preview:-1"},"canonical":"https:\/\/fenix-ayurveda.fr\/index.php\/massage-bien-etre\/","og_locale":"fr_FR","og_type":"article","og_title":"D\u00e9couvrez les bienfaits du massage ayurv\u00e9dique - Fenix Ayurv\u00e9da","og_description":"Un massage ayurv\u00e9dique vous offre un v\u00e9ritable moment de d\u00e9tente et de bien-\u00eatre, aussi bien pour le corps que pour l\u2019esprit. Au-del\u00e0 de la relaxation, ces massages favorisent le r\u00e9\u00e9quilibrage des \u00e9nergies vitales et stimulent les capacit\u00e9s naturelles d\u2019auto-gu\u00e9rison du corps. Tous les massages sont r\u00e9alis\u00e9s avec de l\u2019huile chaude, permettant de nourrir la peau &hellip; Continuer la lecture de &laquo;&nbsp;D\u00e9couvrez les bienfaits du massage ayurv\u00e9dique&nbsp;&raquo;","og_url":"https:\/\/fenix-ayurveda.fr\/index.php\/massage-bien-etre\/","og_site_name":"Fenix Ayurv\u00e9da","article_publisher":"https:\/\/www.facebook.com\/profile.php?id=61575243297109","article_modified_time":"2025-07-03T15:25:36+00:00","twitter_card":"summary_large_image","twitter_misc":{"Dur\u00e9e de lecture estim\u00e9e":"5 minutes"},"schema":{"@context":"https:\/\/schema.org","@graph":[{"@type":"WebPage","@id":"https:\/\/fenix-ayurveda.fr\/index.php\/massage-bien-etre\/","url":"https:\/\/fenix-ayurveda.fr\/index.php\/massage-bien-etre\/","name":"D\u00e9couvrez les bienfaits du massage ayurv\u00e9dique - Fenix Ayurv\u00e9da","isPartOf":{"@id":"https:\/\/fenix-ayurveda.fr\/#website"},"datePublished":"2025-03-15T16:13:40+00:00","dateModified":"2025-07-03T15:25:36+00:00","breadcrumb":{"@id":"https:\/\/fenix-ayurveda.fr\/index.php\/massage-bien-etre\/#breadcrumb"},"inLanguage":"fr-FR","potentialAction":[{"@type":"ReadAction","target":["https:\/\/fenix-ayurveda.fr\/index.php\/massage-bien-etre\/"]}]},{"@type":"BreadcrumbList","@id":"https:\/\/fenix-ayurveda.fr\/index.php\/massage-bien-etre\/#breadcrumb","itemListElement":[{"@type":"ListItem","position":1,"name":"Accueil","item":"https:\/\/fenix-ayurveda.fr\/"},{"@type":"ListItem","position":2,"name":"D\u00e9couvrez les bienfaits du massage ayurv\u00e9dique"}]},{"@type":"WebSite","@id":"https:\/\/fenix-ayurveda.fr\/#website","url":"https:\/\/fenix-ayurveda.fr\/","name":"Fenix Ayurv\u00e9da","description":"Renaissance de votre sant\u00e9","publisher":{"@id":"https:\/\/fenix-ayurveda.fr\/#organization"},"alternateName":"FX Ayurveda","potentialAction":[{"@type":"SearchAction","target":{"@type":"EntryPoint","urlTemplate":"https:\/\/fenix-ayurveda.fr\/?s={search_term_string}"},"query-input":{"@type":"PropertyValueSpecification","valueRequired":true,"valueName":"search_term_string"}}],"inLanguage":"fr-FR"},{"@type":"Organization","@id":"https:\/\/fenix-ayurveda.fr\/#organization","name":"Fenix Ayurv\u00e9da","url":"https:\/\/fenix-ayurveda.fr\/","logo":{"@type":"ImageObject","inLanguage":"fr-FR","@id":"https:\/\/fenix-ayurveda.fr\/#\/schema\/logo\/image\/","url":"https:\/\/fenix-ayurveda.fr\/wp-content\/uploads\/2024\/07\/Fenix_vert1.png","contentUrl":"https:\/\/fenix-ayurveda.fr\/wp-content\/uploads\/2024\/07\/Fenix_vert1.png","width":1024,"height":1024,"caption":"Fenix Ayurv\u00e9da"},"image":{"@id":"https:\/\/fenix-ayurveda.fr\/#\/schema\/logo\/image\/"},"sameAs":["https:\/\/www.facebook.com\/profile.php?id=61575243297109"]}]}},"_links":{"self":[{"href":"https:\/\/fenix-ayurveda.fr\/index.php\/wp-json\/wp\/v2\/pages\/54","targetHints":{"allow":["GET"]}}],"collection":[{"href":"https:\/\/fenix-ayurveda.fr\/index.php\/wp-json\/wp\/v2\/pages"}],"about":[{"href":"https:\/\/fenix-ayurveda.fr\/index.php\/wp-json\/wp\/v2\/types\/page"}],"author":[{"embeddable":true,"href":"https:\/\/fenix-ayurveda.fr\/index.php\/wp-json\/wp\/v2\/users\/2"}],"replies":[{"embeddable":true,"href":"https:\/\/fenix-ayurveda.fr\/index.php\/wp-json\/wp\/v2\/comments?post=54"}],"version-history":[{"count":25,"href":"https:\/\/fenix-ayurveda.fr\/index.php\/wp-json\/wp\/v2\/pages\/54\/revisions"}],"predecessor-version":[{"id":277,"href":"https:\/\/fenix-ayurveda.fr\/index.php\/wp-json\/wp\/v2\/pages\/54\/revisions\/277"}],"wp:attachment":[{"href":"https:\/\/fenix-ayurveda.fr\/index.php\/wp-json\/wp\/v2\/media?parent=54"}],"curies":[{"name":"wp","href":"https:\/\/api.w.org\/{rel}","templated":true}]}}