{"id":45,"date":"2025-02-18T10:10:33","date_gmt":"2025-02-18T09:10:33","guid":{"rendered":"https:\/\/fenix-ayurveda.fr\/?page_id=45"},"modified":"2025-12-12T13:49:19","modified_gmt":"2025-12-12T12:49:19","slug":"mes-honoraires","status":"publish","type":"page","link":"https:\/\/fenix-ayurveda.fr\/index.php\/mes-honoraires\/","title":{"rendered":"Mes honoraires &#8211; consultation en Ayurveda et massages"},"content":{"rendered":"\n<p><\/p>\n\n\n\n<h2 class=\"wp-block-heading\"><strong>Tarification<\/strong> <\/h2>\n\n\n\n<h3 class=\"wp-block-heading\"><strong>Massages Ayurv\u00e9diques<\/strong><\/h3>\n\n\n\n<h4 class=\"wp-block-heading\"><strong><span style=\"text-decoration: underline;\">Abhyanga<\/span><\/strong><\/h4>\n\n\n\n<p>Merci d\u2019apporter <strong>4 grandes serviettes<\/strong> (de plage ou de bain, minimum <strong>100\u00d750 cm<\/strong>, dont une id\u00e9alement de <strong>2m de long<\/strong>).<\/p>\n\n\n\n<ul class=\"wp-block-list\">\n<li><strong>60 minutes<\/strong> : <strong>60\u20ac<\/strong> (pr\u00e9voir <strong>2h au total<\/strong>)<\/li>\n<\/ul>\n\n\n\n<ul class=\"wp-block-list\">\n<li><strong>90 minutes<\/strong> : <strong>90\u20ac<\/strong> (pr\u00e9voir <strong>2h au total<\/strong>)<\/li>\n<\/ul>\n\n\n\n<h4 class=\"wp-block-heading\"><strong><span style=\"text-decoration: underline;\">Kansu<\/span><\/strong><\/h4>\n\n\n\n<ul class=\"wp-block-list\">\n<li><strong>30 minutes<\/strong> : <strong>30\u20ac<\/strong><\/li>\n<\/ul>\n\n\n\n<h4 class=\"wp-block-heading\"><strong><span style=\"text-decoration: underline;\">Sattvique<\/span><\/strong><\/h4>\n\n\n\n<ul class=\"wp-block-list\">\n<li><strong>60 minutes<\/strong> : <strong>60\u20ac<\/strong><\/li>\n<\/ul>\n\n\n\n<h4 class=\"wp-block-heading\"><strong><span style=\"text-decoration: underline;\">Autres massages<\/span><\/strong><\/h4>\n\n\n\n<ul class=\"wp-block-list\">\n<li><strong>30 minutes<\/strong> : <strong>30\u20ac<\/strong><\/li>\n<\/ul>\n\n\n\n<h3 class=\"wp-block-heading\"><strong>Consultation en Ayurv\u00e9da<\/strong><\/h3>\n\n\n\n<p>Je propose 3 niveaux d&rsquo;approfondissement pour le premier rendez-vous : <\/p>\n\n\n\n<ul class=\"wp-block-list\">\n<li>Analyse du <strong>Dosha <\/strong>(vikruti) et <strong>br\u00e8ve introduction \u00e0 l&rsquo;Ayurv\u00e9da<\/strong> (30mins max) : <strong>30 \u20ac<\/strong><\/li>\n<\/ul>\n\n\n\n<ul class=\"wp-block-list\">\n<li><strong>Premiers conseils<\/strong> apr\u00e8s les th\u00e8mes ci-dessus, inclus dans le prix (45 \u00e0 60 mins) : <strong>45 \u20ac<\/strong><br><br><\/li>\n\n\n\n<li>La <strong>premi\u00e8re consultation compl\u00e8te<\/strong> : Doshas et \u00e9laboration d&rsquo;un plan d&rsquo;actions pour am\u00e9liorer votre bien-\u00eatre voir votre sant\u00e9 (<strong>2h<\/strong> max) : <strong>60\u20ac<\/strong><br>Pourquoi 2h max ? Une telle conulstation dure en moyenne 1h30 et comme j&rsquo;ai vraiment envie de prendre le temps de vous \u00e9couter, je plafonne le prix \u00e0 60\u20ac.<\/li>\n<\/ul>\n\n\n\n<p>Les <strong>consultations suivantes<\/strong> durent entre 15 et 60 minutes : <strong>15\u20ac par tranche de 15 mins.<\/strong><br>Le temps varie selon le plan d&rsquo;actions et vos retours sur les actions mises en place et\/ou celles non mises en place.  <br>Ces consultations de suivi sont disponibles en <strong>pr\u00e9sentiel<\/strong> ou en <strong>distanciel<\/strong> apr\u00e8s au moins une consultation en pr\u00e9sentiel.<\/p>\n\n\n\n<h2 class=\"wp-block-heading\"><strong>Actions promotionnelles :<\/strong><\/h2>\n\n\n\n<p>J\u2019ai d\u00e9cid\u00e9 d\u2019\u00eatre th\u00e9rapeute et masseur en ayurveda par amour de ces connaissances et techniques. Ma volont\u00e9 premi\u00e8re est de partager mon savoir et ces techniques avec un maximum de personne.<br>D\u00e8s lors, je propose deux actions :<\/p>\n\n\n\n<h3 class=\"wp-block-heading\">de Bienvenue<\/h3>\n\n\n\n<p>En venant chez moi pour la 1\u00e8re fois, en massage ou en consultation, vous b\u00e9n\u00e9ficier de 10% de remise sur le prix du massage ou de la consultation. <br><br>La remise n\u2019est pas inclue sur les options suppl\u00e9mentaires, ni pour le d\u00e9tenteur d&rsquo;un ch\u00e8que cadeau.<\/p>\n\n\n\n<h3 class=\"wp-block-heading\">de Parrainage<\/h3>\n\n\n\n<p>Au cas o\u00f9 parlez de moi \u00e0 une personne qui vient en consultation ou pour un massage et ce pour la premi\u00e8re fois, vous b\u00e9n\u00e9ficier, en tant que parrain, de 10% de r\u00e9duction sur le prix de votre consultation ou de votre massage. Il n\u2019y a pas de limite de filleul et de temps \u00e0 cette action. <br>Par exemple : <br>&#8211; une personne vient pour la premi\u00e8re fois, car conseill\u00e9e par vos soins, votre prochain massage ou votre prochaine consultation sera r\u00e9duite de 10% sur la prestation. <br>Par exemple, un massage de 90 minutes, sans options suppl\u00e9mentaire, vous coutera 81\u20ac (au lieu de 90\u20ac).<br>&#8211; vous faites venir 10 nouvelles personnes, votre prochain massage ou votre prochaine consultation sera gratuite. <br>&#8211; vous faites venir 12 nouvelles personnes, sur l\u2019ensemble des 12 personnes vous aurez un massage ou une consultation gratuite et une remise de 20% sur le massage ou la consultation suivante.<br>&#8211; etc.<br><br>La remise n\u2019est pas inclue sur les options suppl\u00e9mentaires.<\/p>\n\n\n\n<h2 class=\"wp-block-heading\">Autres Techniques :<\/h2>\n\n\n\n<ul class=\"wp-block-list\">\n<li>Astrologie tropicale (occidentale) : <strong>lecture du th\u00e8me astrale<\/strong>, afin de mettre des mots sur les tendances de votre personnalit\u00e9 et vous peut aider \u00e0 comprendre pourquoi vous vivez telle ou telle(s) situation(s). (<strong>45<\/strong>\u20ac &#8211; d\u00e9but printemps 2026)<\/li>\n<\/ul>\n\n\n\n<h2 class=\"wp-block-heading\"><strong>Options suppl\u00e9mentaires<\/strong><\/h2>\n\n\n\n<p><\/p>\n\n\n\n<ul class=\"wp-block-list\">\n<li><strong>Location de serviettes<\/strong> : <strong>5\u20ac<\/strong> (offerte pour les p\u00e8lerins).<\/li>\n\n\n\n<li><strong>Achat de sous-v\u00eatements jetables<\/strong> :\n<ul class=\"wp-block-list\">\n<li><strong>String en T pour femme<\/strong> : <strong>0,50\u20ac pi\u00e8ce<\/strong><\/li>\n\n\n\n<li><strong>Slip\/String pour homme<\/strong> : <strong>1\u20ac pi\u00e8ce<\/strong><br><br>Si vous souhaitez garder un haut de sous-v\u00eatement, une <strong>brassi\u00e8re sans armature<\/strong> est id\u00e9ale.<br>Sachez que quel que soit votre choix, je m\u2019adapte \u00e0 vos pr\u00e9f\u00e9rences et limites du jour.<br><br><br><strong>Tous les prix sont TTC. La TVA est non applicable selon l\u2019article 293 B du CGI.<\/strong><\/li>\n<\/ul>\n<\/li>\n<\/ul>\n\n\n\n<h2 class=\"wp-block-heading\">Conditions d&rsquo;annulation<\/h2>\n\n\n\n<p>En cas d&rsquo;annulation de votre part moins de 24h \u00e0 l&rsquo;avance, ou absence, la somme totale est due, \u00e0 l&rsquo;exception de la cons\u00e9quence d&rsquo;une force majeure. <\/p>\n\n\n<div class=\"is-default-size wp-block-site-logo\"><a href=\"https:\/\/fenix-ayurveda.fr\/\" class=\"custom-logo-link\" rel=\"home\"><img loading=\"lazy\" decoding=\"async\" width=\"1024\" height=\"1024\" src=\"https:\/\/fenix-ayurveda.fr\/wp-content\/uploads\/2024\/07\/Fenix_vert1.png\" class=\"custom-logo\" alt=\"Fenix Ayurv\u00e9da\" srcset=\"https:\/\/fenix-ayurveda.fr\/wp-content\/uploads\/2024\/07\/Fenix_vert1.png 1024w, https:\/\/fenix-ayurveda.fr\/wp-content\/uploads\/2024\/07\/Fenix_vert1-300x300.png 300w, https:\/\/fenix-ayurveda.fr\/wp-content\/uploads\/2024\/07\/Fenix_vert1-150x150.png 150w, https:\/\/fenix-ayurveda.fr\/wp-content\/uploads\/2024\/07\/Fenix_vert1-768x768.png 768w, https:\/\/fenix-ayurveda.fr\/wp-content\/uploads\/2024\/07\/Fenix_vert1-100x100.png 100w\" sizes=\"auto, 100vw\" \/><\/a><\/div>\n\n\n<p><\/p>\n\n\n\n<p>Pages<\/p>\n\n\n\n<ul class=\"wp-block-list\">\n<li><a href=\"https:\/\/fenix-ayurveda.fr\/\">Bienvenue<\/a><\/li>\n\n\n\n<li><a href=\"https:\/\/fenix-ayurveda.fr\/index.php\/qui-suis-je-et-pourquoi-layurveda\/\">Qui-suis-je et pourquoi l&rsquo;ayurveda<\/a>?<\/li>\n\n\n\n<li><a href=\"https:\/\/fenix-ayurveda.fr\/index.php\/layurveda-une-sagesse-millenaire-au-service-de-lequilibre\/\">L\u2019Ayurveda, une sagesse mill\u00e9naire au service de l\u2019\u00e9quilibre<\/a><\/li>\n\n\n\n<li><a href=\"https:\/\/fenix-ayurveda.fr\/index.php\/massage-bien-etre\/\">D\u00e9couvrez les bienfaits du massage ayurv\u00e9dique<\/a><\/li>\n\n\n\n<li><a href=\"https:\/\/fenix-ayurveda.fr\/index.php\/comment-se-deroule-un-massage\/\">D\u00e9roulement d\u2019un massage : une exp\u00e9rience de bien-\u00eatre sur mesure<\/a><\/li>\n\n\n\n<li><a href=\"https:\/\/fenix-ayurveda.fr\/index.php\/mes-honoraires\/\">Mes honoraires &#8211; consultation en Ayurveda et massages<\/a><\/li>\n\n\n\n<li><a href=\"https:\/\/fenix-ayurveda.fr\/index.php\/autres-activites\/\">Autres activit\u00e9s<\/a><\/li>\n\n\n\n<li><a href=\"https:\/\/fenix-ayurveda.fr\/index.php\/politique-de-confidentialite\/\">Politique de confidentialit\u00e9 et mentions l\u00e9agles<\/a><\/li>\n<\/ul>\n","protected":false},"excerpt":{"rendered":"<p>Tarification Massages Ayurv\u00e9diques Abhyanga Merci d\u2019apporter 4 grandes serviettes (de plage ou de bain, minimum 100\u00d750 cm, dont une id\u00e9alement de 2m de long). Kansu Sattvique Autres massages Consultation en Ayurv\u00e9da Je propose 3 niveaux d&rsquo;approfondissement pour le premier rendez-vous : Les consultations suivantes durent entre 15 et 60 minutes : 15\u20ac par tranche de &hellip; <\/p>\n<p class=\"link-more\"><a href=\"https:\/\/fenix-ayurveda.fr\/index.php\/mes-honoraires\/\" class=\"more-link\">Continuer la lecture<span class=\"screen-reader-text\"> de &laquo;&nbsp;Mes honoraires &#8211; consultation en Ayurveda et massages&nbsp;&raquo;<\/span><\/a><\/p>\n","protected":false},"author":2,"featured_media":0,"parent":0,"menu_order":0,"comment_status":"closed","ping_status":"closed","template":"","meta":{"footnotes":""},"class_list":["post-45","page","type-page","status-publish","hentry"],"yoast_head":"<!-- This site is optimized with the Yoast SEO plugin v26.5 - https:\/\/yoast.com\/wordpress\/plugins\/seo\/ -->\n<title>Mes honoraires - consultation en Ayurveda et massages - Fenix Ayurv\u00e9da<\/title>\n<meta name=\"robots\" content=\"index, follow, max-snippet:-1, max-image-preview:large, max-video-preview:-1\" \/>\n<link rel=\"canonical\" href=\"https:\/\/fenix-ayurveda.fr\/index.php\/mes-honoraires\/\" \/>\n<meta property=\"og:locale\" content=\"fr_FR\" \/>\n<meta property=\"og:type\" content=\"article\" \/>\n<meta property=\"og:title\" content=\"Mes honoraires - consultation en Ayurveda et massages - Fenix Ayurv\u00e9da\" \/>\n<meta property=\"og:description\" content=\"Tarification Massages Ayurv\u00e9diques Abhyanga Merci d\u2019apporter 4 grandes serviettes (de plage ou de bain, minimum 100\u00d750 cm, dont une id\u00e9alement de 2m de long). Kansu Sattvique Autres massages Consultation en Ayurv\u00e9da Je propose 3 niveaux d&rsquo;approfondissement pour le premier rendez-vous : Les consultations suivantes durent entre 15 et 60 minutes : 15\u20ac par tranche de &hellip; Continuer la lecture de &laquo;&nbsp;Mes honoraires &#8211; consultation en Ayurveda et massages&nbsp;&raquo;\" \/>\n<meta property=\"og:url\" content=\"https:\/\/fenix-ayurveda.fr\/index.php\/mes-honoraires\/\" \/>\n<meta property=\"og:site_name\" content=\"Fenix Ayurv\u00e9da\" \/>\n<meta property=\"article:publisher\" content=\"https:\/\/www.facebook.com\/profile.php?id=61575243297109\" \/>\n<meta property=\"article:modified_time\" content=\"2025-12-12T12:49:19+00:00\" \/>\n<meta name=\"twitter:card\" content=\"summary_large_image\" \/>\n<meta name=\"twitter:label1\" content=\"Dur\u00e9e de lecture estim\u00e9e\" \/>\n\t<meta name=\"twitter:data1\" content=\"4 minutes\" \/>\n<script type=\"application\/ld+json\" class=\"yoast-schema-graph\">{\"@context\":\"https:\/\/schema.org\",\"@graph\":[{\"@type\":\"WebPage\",\"@id\":\"https:\/\/fenix-ayurveda.fr\/index.php\/mes-honoraires\/\",\"url\":\"https:\/\/fenix-ayurveda.fr\/index.php\/mes-honoraires\/\",\"name\":\"Mes honoraires - consultation en Ayurveda et massages - Fenix Ayurv\u00e9da\",\"isPartOf\":{\"@id\":\"https:\/\/fenix-ayurveda.fr\/#website\"},\"datePublished\":\"2025-02-18T09:10:33+00:00\",\"dateModified\":\"2025-12-12T12:49:19+00:00\",\"breadcrumb\":{\"@id\":\"https:\/\/fenix-ayurveda.fr\/index.php\/mes-honoraires\/#breadcrumb\"},\"inLanguage\":\"fr-FR\",\"potentialAction\":[{\"@type\":\"ReadAction\",\"target\":[\"https:\/\/fenix-ayurveda.fr\/index.php\/mes-honoraires\/\"]}]},{\"@type\":\"BreadcrumbList\",\"@id\":\"https:\/\/fenix-ayurveda.fr\/index.php\/mes-honoraires\/#breadcrumb\",\"itemListElement\":[{\"@type\":\"ListItem\",\"position\":1,\"name\":\"Accueil\",\"item\":\"https:\/\/fenix-ayurveda.fr\/\"},{\"@type\":\"ListItem\",\"position\":2,\"name\":\"Mes honoraires &#8211; consultation en Ayurveda et massages\"}]},{\"@type\":\"WebSite\",\"@id\":\"https:\/\/fenix-ayurveda.fr\/#website\",\"url\":\"https:\/\/fenix-ayurveda.fr\/\",\"name\":\"Fenix Ayurv\u00e9da\",\"description\":\"Renaissance de votre sant\u00e9\",\"publisher\":{\"@id\":\"https:\/\/fenix-ayurveda.fr\/#organization\"},\"alternateName\":\"FX Ayurveda\",\"potentialAction\":[{\"@type\":\"SearchAction\",\"target\":{\"@type\":\"EntryPoint\",\"urlTemplate\":\"https:\/\/fenix-ayurveda.fr\/?s={search_term_string}\"},\"query-input\":{\"@type\":\"PropertyValueSpecification\",\"valueRequired\":true,\"valueName\":\"search_term_string\"}}],\"inLanguage\":\"fr-FR\"},{\"@type\":\"Organization\",\"@id\":\"https:\/\/fenix-ayurveda.fr\/#organization\",\"name\":\"Fenix Ayurv\u00e9da\",\"url\":\"https:\/\/fenix-ayurveda.fr\/\",\"logo\":{\"@type\":\"ImageObject\",\"inLanguage\":\"fr-FR\",\"@id\":\"https:\/\/fenix-ayurveda.fr\/#\/schema\/logo\/image\/\",\"url\":\"https:\/\/fenix-ayurveda.fr\/wp-content\/uploads\/2024\/07\/Fenix_vert1.png\",\"contentUrl\":\"https:\/\/fenix-ayurveda.fr\/wp-content\/uploads\/2024\/07\/Fenix_vert1.png\",\"width\":1024,\"height\":1024,\"caption\":\"Fenix Ayurv\u00e9da\"},\"image\":{\"@id\":\"https:\/\/fenix-ayurveda.fr\/#\/schema\/logo\/image\/\"},\"sameAs\":[\"https:\/\/www.facebook.com\/profile.php?id=61575243297109\"]}]}<\/script>\n<!-- \/ Yoast SEO plugin. -->","yoast_head_json":{"title":"Mes honoraires - consultation en Ayurveda et massages - Fenix Ayurv\u00e9da","robots":{"index":"index","follow":"follow","max-snippet":"max-snippet:-1","max-image-preview":"max-image-preview:large","max-video-preview":"max-video-preview:-1"},"canonical":"https:\/\/fenix-ayurveda.fr\/index.php\/mes-honoraires\/","og_locale":"fr_FR","og_type":"article","og_title":"Mes honoraires - consultation en Ayurveda et massages - Fenix Ayurv\u00e9da","og_description":"Tarification Massages Ayurv\u00e9diques Abhyanga Merci d\u2019apporter 4 grandes serviettes (de plage ou de bain, minimum 100\u00d750 cm, dont une id\u00e9alement de 2m de long). Kansu Sattvique Autres massages Consultation en Ayurv\u00e9da Je propose 3 niveaux d&rsquo;approfondissement pour le premier rendez-vous : Les consultations suivantes durent entre 15 et 60 minutes : 15\u20ac par tranche de &hellip; Continuer la lecture de &laquo;&nbsp;Mes honoraires &#8211; consultation en Ayurveda et massages&nbsp;&raquo;","og_url":"https:\/\/fenix-ayurveda.fr\/index.php\/mes-honoraires\/","og_site_name":"Fenix Ayurv\u00e9da","article_publisher":"https:\/\/www.facebook.com\/profile.php?id=61575243297109","article_modified_time":"2025-12-12T12:49:19+00:00","twitter_card":"summary_large_image","twitter_misc":{"Dur\u00e9e de lecture estim\u00e9e":"4 minutes"},"schema":{"@context":"https:\/\/schema.org","@graph":[{"@type":"WebPage","@id":"https:\/\/fenix-ayurveda.fr\/index.php\/mes-honoraires\/","url":"https:\/\/fenix-ayurveda.fr\/index.php\/mes-honoraires\/","name":"Mes honoraires - consultation en Ayurveda et massages - Fenix Ayurv\u00e9da","isPartOf":{"@id":"https:\/\/fenix-ayurveda.fr\/#website"},"datePublished":"2025-02-18T09:10:33+00:00","dateModified":"2025-12-12T12:49:19+00:00","breadcrumb":{"@id":"https:\/\/fenix-ayurveda.fr\/index.php\/mes-honoraires\/#breadcrumb"},"inLanguage":"fr-FR","potentialAction":[{"@type":"ReadAction","target":["https:\/\/fenix-ayurveda.fr\/index.php\/mes-honoraires\/"]}]},{"@type":"BreadcrumbList","@id":"https:\/\/fenix-ayurveda.fr\/index.php\/mes-honoraires\/#breadcrumb","itemListElement":[{"@type":"ListItem","position":1,"name":"Accueil","item":"https:\/\/fenix-ayurveda.fr\/"},{"@type":"ListItem","position":2,"name":"Mes honoraires &#8211; consultation en Ayurveda et massages"}]},{"@type":"WebSite","@id":"https:\/\/fenix-ayurveda.fr\/#website","url":"https:\/\/fenix-ayurveda.fr\/","name":"Fenix Ayurv\u00e9da","description":"Renaissance de votre sant\u00e9","publisher":{"@id":"https:\/\/fenix-ayurveda.fr\/#organization"},"alternateName":"FX Ayurveda","potentialAction":[{"@type":"SearchAction","target":{"@type":"EntryPoint","urlTemplate":"https:\/\/fenix-ayurveda.fr\/?s={search_term_string}"},"query-input":{"@type":"PropertyValueSpecification","valueRequired":true,"valueName":"search_term_string"}}],"inLanguage":"fr-FR"},{"@type":"Organization","@id":"https:\/\/fenix-ayurveda.fr\/#organization","name":"Fenix Ayurv\u00e9da","url":"https:\/\/fenix-ayurveda.fr\/","logo":{"@type":"ImageObject","inLanguage":"fr-FR","@id":"https:\/\/fenix-ayurveda.fr\/#\/schema\/logo\/image\/","url":"https:\/\/fenix-ayurveda.fr\/wp-content\/uploads\/2024\/07\/Fenix_vert1.png","contentUrl":"https:\/\/fenix-ayurveda.fr\/wp-content\/uploads\/2024\/07\/Fenix_vert1.png","width":1024,"height":1024,"caption":"Fenix Ayurv\u00e9da"},"image":{"@id":"https:\/\/fenix-ayurveda.fr\/#\/schema\/logo\/image\/"},"sameAs":["https:\/\/www.facebook.com\/profile.php?id=61575243297109"]}]}},"_links":{"self":[{"href":"https:\/\/fenix-ayurveda.fr\/index.php\/wp-json\/wp\/v2\/pages\/45","targetHints":{"allow":["GET"]}}],"collection":[{"href":"https:\/\/fenix-ayurveda.fr\/index.php\/wp-json\/wp\/v2\/pages"}],"about":[{"href":"https:\/\/fenix-ayurveda.fr\/index.php\/wp-json\/wp\/v2\/types\/page"}],"author":[{"embeddable":true,"href":"https:\/\/fenix-ayurveda.fr\/index.php\/wp-json\/wp\/v2\/users\/2"}],"replies":[{"embeddable":true,"href":"https:\/\/fenix-ayurveda.fr\/index.php\/wp-json\/wp\/v2\/comments?post=45"}],"version-history":[{"count":30,"href":"https:\/\/fenix-ayurveda.fr\/index.php\/wp-json\/wp\/v2\/pages\/45\/revisions"}],"predecessor-version":[{"id":295,"href":"https:\/\/fenix-ayurveda.fr\/index.php\/wp-json\/wp\/v2\/pages\/45\/revisions\/295"}],"wp:attachment":[{"href":"https:\/\/fenix-ayurveda.fr\/index.php\/wp-json\/wp\/v2\/media?parent=45"}],"curies":[{"name":"wp","href":"https:\/\/api.w.org\/{rel}","templated":true}]}}