{"id":272,"date":"2025-07-03T16:48:52","date_gmt":"2025-07-03T14:48:52","guid":{"rendered":"https:\/\/fenix-ayurveda.fr\/?page_id=272"},"modified":"2025-07-07T19:13:32","modified_gmt":"2025-07-07T17:13:32","slug":"qui-suis-je-et-pourquoi-layurveda","status":"publish","type":"page","link":"https:\/\/fenix-ayurveda.fr\/index.php\/qui-suis-je-et-pourquoi-layurveda\/","title":{"rendered":"Qui suis-je et pourquoi l\u2019Ayurveda ?"},"content":{"rendered":"\n<p>Je m\u2019appelle <strong>Fran\u00e7ois-Xavier<\/strong>, praticien passionn\u00e9 d\u2019Ayurveda et fondateur de <strong>Fenix Ayurveda<\/strong>. Si cette m\u00e9decine ancestrale fait aujourd\u2019hui partie int\u00e9grante de ma vie, c\u2019est qu\u2019elle m\u2019a litt\u00e9ralement sauv\u00e9.<\/p>\n\n\n\n<p>\ud83d\udca5 <strong>Risque d\u2019AVC<\/strong>, pr\u00e9diab\u00e8te, ob\u00e9sit\u00e9 morbide, \u00e9puisement (burn-out), \u2026 c\u2019est dans ce contexte que je d\u00e9couvre, presque par hasard, l\u2019univers des soins naturels. Et tr\u00e8s vite, je comprends que je ne peux pas garder \u00e7a pour moi.<\/p>\n\n\n\n<p>C\u2019est ainsi que je quitte <strong>Bruxelles<\/strong> pour venir m\u2019installer dans le <strong>Gers<\/strong>, renouer avec un rythme plus juste, et transmettre ce que j\u2019ai appris \u00e0 travers un accompagnement bienveillant, ancr\u00e9 dans l\u2019Ayurveda.<\/p>\n\n\n\n<figure class=\"wp-block-image size-large is-resized\"><img loading=\"lazy\" decoding=\"async\" width=\"783\" height=\"1024\" src=\"https:\/\/fenix-ayurveda.fr\/wp-content\/uploads\/2025\/07\/FX-783x1024.jpg\" alt=\"\" class=\"wp-image-286\" style=\"width:328px;height:auto\" srcset=\"https:\/\/fenix-ayurveda.fr\/wp-content\/uploads\/2025\/07\/FX-783x1024.jpg 783w, https:\/\/fenix-ayurveda.fr\/wp-content\/uploads\/2025\/07\/FX-229x300.jpg 229w, https:\/\/fenix-ayurveda.fr\/wp-content\/uploads\/2025\/07\/FX-768x1004.jpg 768w, https:\/\/fenix-ayurveda.fr\/wp-content\/uploads\/2025\/07\/FX-1175x1536.jpg 1175w, https:\/\/fenix-ayurveda.fr\/wp-content\/uploads\/2025\/07\/FX-1567x2048.jpg 1567w, https:\/\/fenix-ayurveda.fr\/wp-content\/uploads\/2025\/07\/FX.jpg 1796w\" sizes=\"auto, (max-width: 767px) 89vw, (max-width: 1000px) 54vw, (max-width: 1071px) 543px, 580px\" \/><\/figure>\n\n\n\n<h2 class=\"wp-block-heading\">\ud83c\udf3f Mon histoire : de l\u2019\u00e9puisement \u00e0 la vocation<\/h2>\n\n\n\n<p>Depuis toujours, j\u2019ai une m\u00e9fiance naturelle envers les m\u00e9dicaments. M\u00eame enfant, je refusais les traitements qu\u2019on me proposait. Mais en occupant un poste exigeant de <strong>responsable d\u2019\u00e9quipes<\/strong>, mon corps commence \u00e0 l\u00e2cher : stress, fatigue chronique, signes d\u2019alerte de plus en plus forts.<\/p>\n\n\n\n<p>\ud83e\uddea En parall\u00e8le, je d\u00e9couvre l\u2019<strong>aromath\u00e9rapie<\/strong> via une amie \u2014 et c\u2019est une r\u00e9v\u00e9lation. Je me forme intens\u00e9ment, notamment aupr\u00e8s de <strong>S\u00e9bastien Delronge<\/strong> (<a href=\"https:\/\/www.alternatures.com\/\">Alternatures<\/a>), et j\u2019apprends \u00e0 mieux \u00e9couter mon corps, mes besoins, mes limites. Mais malgr\u00e9 ces premiers outils, le burn-out finit par me rattraper.<\/p>\n\n\n\n<p>Puis le mot \u201c<strong>Ayurveda<\/strong>\u201d revient dans ma vie \u00e0 plusieurs reprises, comme une invitation que je ne peux plus ignorer. Je m\u2019inscris \u00e0 l\u2019\u00e9cole <strong><a href=\"https:\/\/www.yoga-ayurveda.be\/\">YAH (Yoga &amp; Ayurveda Healing \u2013 Belgique)<\/a><\/strong> pour me former \u00e0 la consultation ayurv\u00e9dique.<\/p>\n\n\n\n<p>\u2728 Et l\u00e0, tout fait sens. J\u2019avais enfin trouv\u00e9 <strong>ce que je cherchais depuis toujours<\/strong>, sans savoir le nommer.<\/p>\n\n\n\n<p>\ud83d\udc9b Une vocation nourrie par l\u2019exp\u00e9rience<\/p>\n\n\n\n<p>Entre temps, le <strong>COVID-19<\/strong>, une surcharge de travail, et une nouvelle rechute. Le verdict tombe : <strong>burn-out<\/strong>. Ma m\u00e9decin me prescrit du repos, de la nature\u2026 et du soin. Je me remets en chemin, je poursuis mes formations, j\u2019affine mes connaissances gr\u00e2ce \u00e0 des enseignants passionn\u00e9s, dont <strong>Justine Closset<\/strong> (<a href=\"https:\/\/www.alternatures.com\/\">Alternatures<\/a>).<\/p>\n\n\n\n<p>Ce parcours m\u2019a convaincu d\u2019une chose : <strong>les m\u00e9decines naturelles et la m\u00e9decine allopathique doivent se compl\u00e9ter<\/strong>. Et surtout, que je me devais de transmettre cette sagesse \u00e0 mon tour.<\/p>\n\n\n\n<p>\ud83d\udc50 C\u2019est ainsi que je d\u00e9cide de me former aux massages \u2014 m\u00eame si, ironie du sort, j\u2019ai toujours refus\u00e9 de me faire masser ! Et pourtant, aujourd\u2019hui, <strong>je prends un immense plaisir \u00e0 masser les autres<\/strong> et \u00e0 voir leur \u00e9nergie se transformer.<\/p>\n\n\n\n<p>\ud83c\udf93 Mes formations principales<\/p>\n\n\n\n<p>\ud83c\udf3f Ayurveda \u2013 <a href=\"https:\/\/www.yoga-ayurveda.be\/\">\u00c9cole Yoga &amp; Ayurveda Healing Belgique<\/a><\/p>\n\n\n\n<ul class=\"wp-block-list\">\n<li>Coaching en Ayurveda (2021\u20132022)<\/li>\n\n\n\n<li>Physiopathologie ayurv\u00e9dique (2022\u20132024)<\/li>\n\n\n\n<li>Massage bien-\u00eatre ayurv\u00e9dique (2023\u20132024)<\/li>\n\n\n\n<li>Cuisine ayurv\u00e9dique (2021\u20132022)<\/li>\n\n\n\n<li>Masterclass continues<\/li>\n<\/ul>\n\n\n\n<p>\ud83c\udf38 Aromath\u00e9rapie et soins naturels \u2013 <a href=\"https:\/\/www.alternatures.com\/\">Alternatures<\/a><\/p>\n\n\n\n<ul class=\"wp-block-list\">\n<li>Aromath\u00e9rapie (41h, tous modules confondus)<\/li>\n\n\n\n<li>Olfactoth\u00e9rapie, gemmoth\u00e9rapie, phytoth\u00e9rapie, hydrolath\u00e9rapie<\/li>\n\n\n\n<li>Aromath\u00e9rapie appliqu\u00e9e \u00e0 la m\u00e9decine traditionnelle chinoise<\/li>\n\n\n\n<li>Fleurs de Bach, r\u00e9flexologie palmaire, fumigation, lithoth\u00e9rapie<\/li>\n<\/ul>\n\n\n\n<p>\u2728 Autres<\/p>\n\n\n\n<ul class=\"wp-block-list\">\n<li>Th\u00e9rapie \u00e9nerg\u00e9tique \u2013 Coll\u00e8ge international d\u2019aromath\u00e9rapie Dominique Baudoux (13h, 2020)<\/li>\n<\/ul>\n\n\n\n<p>\ud83d\udd25 Pourquoi \u201cFenix\u201d ?<\/p>\n\n\n\n<p>Fenix, c\u2019est le <strong>phoenix<\/strong>, symbole de renaissance.<br>Mais c\u2019est aussi un clin d\u2019\u0153il \u00e0 mes initiales : <strong>FX<\/strong>.<\/p>\n\n\n\n<p>Fenix Ayurveda, c\u2019est l\u2019id\u00e9e qu\u2019apr\u00e8s l\u2019\u00e9preuve, il est toujours possible de rena\u00eetre.<br>De reprendre sa sant\u00e9 en main. De se reconnecter \u00e0 soi.<\/p>\n\n\n\n<p>\ud83e\udd32 Mon approche<\/p>\n\n\n\n<p>L\u2019Ayurveda est une <strong>alchimie subtile entre corps, esprit et environnement<\/strong>. Mon approche est douce, personnalis\u00e9e, respectueuse du rythme de chacun. Je propose :<\/p>\n\n\n\n<ul class=\"wp-block-list\">\n<li>des <strong>massages bien-\u00eatre ayurv\u00e9diques<\/strong><\/li>\n\n\n\n<li>des <strong>consultations en hygi\u00e8ne de vie<\/strong><\/li>\n\n\n\n<li>des <strong>accompagnements holistiques<\/strong> adapt\u00e9s \u00e0 vos besoins<\/li>\n<\/ul>\n\n\n\n<p>Le tout dans un cadre naturel et apaisant, pour vous reconnecter \u00e0 votre vitalit\u00e9 et \u00e0 votre force int\u00e9rieure.<\/p>\n\n\n<div class=\"is-default-size wp-block-site-logo\"><a href=\"https:\/\/fenix-ayurveda.fr\/\" class=\"custom-logo-link\" rel=\"home\"><img loading=\"lazy\" decoding=\"async\" width=\"1024\" height=\"1024\" src=\"https:\/\/fenix-ayurveda.fr\/wp-content\/uploads\/2024\/07\/Fenix_vert1.png\" class=\"custom-logo\" alt=\"Fenix Ayurv\u00e9da\" srcset=\"https:\/\/fenix-ayurveda.fr\/wp-content\/uploads\/2024\/07\/Fenix_vert1.png 1024w, https:\/\/fenix-ayurveda.fr\/wp-content\/uploads\/2024\/07\/Fenix_vert1-300x300.png 300w, https:\/\/fenix-ayurveda.fr\/wp-content\/uploads\/2024\/07\/Fenix_vert1-150x150.png 150w, https:\/\/fenix-ayurveda.fr\/wp-content\/uploads\/2024\/07\/Fenix_vert1-768x768.png 768w, https:\/\/fenix-ayurveda.fr\/wp-content\/uploads\/2024\/07\/Fenix_vert1-100x100.png 100w\" sizes=\"auto, 100vw\" \/><\/a><\/div>\n\n\n<p>Pages<\/p>\n\n\n\n<ul class=\"wp-block-list\">\n<li><a href=\"https:\/\/fenix-ayurveda.fr\/\">Bienvenue<\/a><\/li>\n\n\n\n<li><a href=\"https:\/\/fenix-ayurveda.fr\/index.php\/qui-suis-je-et-pourquoi-layurveda\/\">Qui-suis-je et pourquoi l\u2019ayurveda<\/a>?<\/li>\n\n\n\n<li><a href=\"https:\/\/fenix-ayurveda.fr\/index.php\/layurveda-une-sagesse-millenaire-au-service-de-lequilibre\/\">L\u2019Ayurveda, une sagesse mill\u00e9naire au service de l\u2019\u00e9quilibre<\/a><\/li>\n\n\n\n<li><a href=\"https:\/\/fenix-ayurveda.fr\/index.php\/massage-bien-etre\/\">D\u00e9couvrez les bienfaits du massage ayurv\u00e9dique<\/a><\/li>\n\n\n\n<li><a href=\"https:\/\/fenix-ayurveda.fr\/index.php\/comment-se-deroule-un-massage\/\">D\u00e9roulement d\u2019un massage : une exp\u00e9rience de bien-\u00eatre sur mesure<\/a><\/li>\n\n\n\n<li><a href=\"https:\/\/fenix-ayurveda.fr\/index.php\/mes-honoraires\/\">Mes honoraires \u2013 consultation en Ayurveda et massages<\/a><\/li>\n\n\n\n<li><a href=\"https:\/\/fenix-ayurveda.fr\/index.php\/autres-activites\/\">Autres activit\u00e9s<\/a><\/li>\n\n\n\n<li><a href=\"https:\/\/fenix-ayurveda.fr\/index.php\/politique-de-confidentialite\/\">Politique de confidentialit\u00e9 et mentions l\u00e9agles<\/a><\/li>\n<\/ul>\n","protected":false},"excerpt":{"rendered":"<p>Je m\u2019appelle Fran\u00e7ois-Xavier, praticien passionn\u00e9 d\u2019Ayurveda et fondateur de Fenix Ayurveda. Si cette m\u00e9decine ancestrale fait aujourd\u2019hui partie int\u00e9grante de ma vie, c\u2019est qu\u2019elle m\u2019a litt\u00e9ralement sauv\u00e9. \ud83d\udca5 Risque d\u2019AVC, pr\u00e9diab\u00e8te, ob\u00e9sit\u00e9 morbide, \u00e9puisement (burn-out), \u2026 c\u2019est dans ce contexte que je d\u00e9couvre, presque par hasard, l\u2019univers des soins naturels. Et tr\u00e8s vite, je comprends &hellip; <\/p>\n<p class=\"link-more\"><a href=\"https:\/\/fenix-ayurveda.fr\/index.php\/qui-suis-je-et-pourquoi-layurveda\/\" class=\"more-link\">Continuer la lecture<span class=\"screen-reader-text\"> de &laquo;&nbsp;Qui suis-je et pourquoi l\u2019Ayurveda ?&nbsp;&raquo;<\/span><\/a><\/p>\n","protected":false},"author":2,"featured_media":0,"parent":0,"menu_order":0,"comment_status":"closed","ping_status":"closed","template":"","meta":{"footnotes":""},"class_list":["post-272","page","type-page","status-publish","hentry"],"yoast_head":"<!-- This site is optimized with the Yoast SEO plugin v26.5 - https:\/\/yoast.com\/wordpress\/plugins\/seo\/ -->\n<title>Qui suis-je et pourquoi l\u2019Ayurveda ? - Fenix Ayurv\u00e9da<\/title>\n<meta name=\"robots\" content=\"index, follow, max-snippet:-1, max-image-preview:large, max-video-preview:-1\" \/>\n<link rel=\"canonical\" href=\"https:\/\/fenix-ayurveda.fr\/index.php\/qui-suis-je-et-pourquoi-layurveda\/\" \/>\n<meta property=\"og:locale\" content=\"fr_FR\" \/>\n<meta property=\"og:type\" content=\"article\" \/>\n<meta property=\"og:title\" content=\"Qui suis-je et pourquoi l\u2019Ayurveda ? - Fenix Ayurv\u00e9da\" \/>\n<meta property=\"og:description\" content=\"Je m\u2019appelle Fran\u00e7ois-Xavier, praticien passionn\u00e9 d\u2019Ayurveda et fondateur de Fenix Ayurveda. Si cette m\u00e9decine ancestrale fait aujourd\u2019hui partie int\u00e9grante de ma vie, c\u2019est qu\u2019elle m\u2019a litt\u00e9ralement sauv\u00e9. \ud83d\udca5 Risque d\u2019AVC, pr\u00e9diab\u00e8te, ob\u00e9sit\u00e9 morbide, \u00e9puisement (burn-out), \u2026 c\u2019est dans ce contexte que je d\u00e9couvre, presque par hasard, l\u2019univers des soins naturels. Et tr\u00e8s vite, je comprends &hellip; Continuer la lecture de &laquo;&nbsp;Qui suis-je et pourquoi l\u2019Ayurveda ?&nbsp;&raquo;\" \/>\n<meta property=\"og:url\" content=\"https:\/\/fenix-ayurveda.fr\/index.php\/qui-suis-je-et-pourquoi-layurveda\/\" \/>\n<meta property=\"og:site_name\" content=\"Fenix Ayurv\u00e9da\" \/>\n<meta property=\"article:publisher\" content=\"https:\/\/www.facebook.com\/profile.php?id=61575243297109\" \/>\n<meta property=\"article:modified_time\" content=\"2025-07-07T17:13:32+00:00\" \/>\n<meta property=\"og:image\" content=\"https:\/\/fenix-ayurveda.fr\/wp-content\/uploads\/2025\/07\/FX.jpg\" \/>\n\t<meta property=\"og:image:width\" content=\"1796\" \/>\n\t<meta property=\"og:image:height\" content=\"2348\" \/>\n\t<meta property=\"og:image:type\" content=\"image\/jpeg\" \/>\n<meta name=\"twitter:card\" content=\"summary_large_image\" \/>\n<meta name=\"twitter:label1\" content=\"Dur\u00e9e de lecture estim\u00e9e\" \/>\n\t<meta name=\"twitter:data1\" content=\"4 minutes\" \/>\n<script type=\"application\/ld+json\" class=\"yoast-schema-graph\">{\"@context\":\"https:\/\/schema.org\",\"@graph\":[{\"@type\":\"WebPage\",\"@id\":\"https:\/\/fenix-ayurveda.fr\/index.php\/qui-suis-je-et-pourquoi-layurveda\/\",\"url\":\"https:\/\/fenix-ayurveda.fr\/index.php\/qui-suis-je-et-pourquoi-layurveda\/\",\"name\":\"Qui suis-je et pourquoi l\u2019Ayurveda ? - Fenix Ayurv\u00e9da\",\"isPartOf\":{\"@id\":\"https:\/\/fenix-ayurveda.fr\/#website\"},\"primaryImageOfPage\":{\"@id\":\"https:\/\/fenix-ayurveda.fr\/index.php\/qui-suis-je-et-pourquoi-layurveda\/#primaryimage\"},\"image\":{\"@id\":\"https:\/\/fenix-ayurveda.fr\/index.php\/qui-suis-je-et-pourquoi-layurveda\/#primaryimage\"},\"thumbnailUrl\":\"https:\/\/fenix-ayurveda.fr\/wp-content\/uploads\/2025\/07\/FX-783x1024.jpg\",\"datePublished\":\"2025-07-03T14:48:52+00:00\",\"dateModified\":\"2025-07-07T17:13:32+00:00\",\"breadcrumb\":{\"@id\":\"https:\/\/fenix-ayurveda.fr\/index.php\/qui-suis-je-et-pourquoi-layurveda\/#breadcrumb\"},\"inLanguage\":\"fr-FR\",\"potentialAction\":[{\"@type\":\"ReadAction\",\"target\":[\"https:\/\/fenix-ayurveda.fr\/index.php\/qui-suis-je-et-pourquoi-layurveda\/\"]}]},{\"@type\":\"ImageObject\",\"inLanguage\":\"fr-FR\",\"@id\":\"https:\/\/fenix-ayurveda.fr\/index.php\/qui-suis-je-et-pourquoi-layurveda\/#primaryimage\",\"url\":\"https:\/\/fenix-ayurveda.fr\/wp-content\/uploads\/2025\/07\/FX.jpg\",\"contentUrl\":\"https:\/\/fenix-ayurveda.fr\/wp-content\/uploads\/2025\/07\/FX.jpg\",\"width\":1796,\"height\":2348},{\"@type\":\"BreadcrumbList\",\"@id\":\"https:\/\/fenix-ayurveda.fr\/index.php\/qui-suis-je-et-pourquoi-layurveda\/#breadcrumb\",\"itemListElement\":[{\"@type\":\"ListItem\",\"position\":1,\"name\":\"Accueil\",\"item\":\"https:\/\/fenix-ayurveda.fr\/\"},{\"@type\":\"ListItem\",\"position\":2,\"name\":\"Qui suis-je et pourquoi l\u2019Ayurveda ?\"}]},{\"@type\":\"WebSite\",\"@id\":\"https:\/\/fenix-ayurveda.fr\/#website\",\"url\":\"https:\/\/fenix-ayurveda.fr\/\",\"name\":\"Fenix Ayurv\u00e9da\",\"description\":\"Renaissance de votre sant\u00e9\",\"publisher\":{\"@id\":\"https:\/\/fenix-ayurveda.fr\/#organization\"},\"alternateName\":\"FX Ayurveda\",\"potentialAction\":[{\"@type\":\"SearchAction\",\"target\":{\"@type\":\"EntryPoint\",\"urlTemplate\":\"https:\/\/fenix-ayurveda.fr\/?s={search_term_string}\"},\"query-input\":{\"@type\":\"PropertyValueSpecification\",\"valueRequired\":true,\"valueName\":\"search_term_string\"}}],\"inLanguage\":\"fr-FR\"},{\"@type\":\"Organization\",\"@id\":\"https:\/\/fenix-ayurveda.fr\/#organization\",\"name\":\"Fenix Ayurv\u00e9da\",\"url\":\"https:\/\/fenix-ayurveda.fr\/\",\"logo\":{\"@type\":\"ImageObject\",\"inLanguage\":\"fr-FR\",\"@id\":\"https:\/\/fenix-ayurveda.fr\/#\/schema\/logo\/image\/\",\"url\":\"https:\/\/fenix-ayurveda.fr\/wp-content\/uploads\/2024\/07\/Fenix_vert1.png\",\"contentUrl\":\"https:\/\/fenix-ayurveda.fr\/wp-content\/uploads\/2024\/07\/Fenix_vert1.png\",\"width\":1024,\"height\":1024,\"caption\":\"Fenix Ayurv\u00e9da\"},\"image\":{\"@id\":\"https:\/\/fenix-ayurveda.fr\/#\/schema\/logo\/image\/\"},\"sameAs\":[\"https:\/\/www.facebook.com\/profile.php?id=61575243297109\"]}]}<\/script>\n<!-- \/ Yoast SEO plugin. -->","yoast_head_json":{"title":"Qui suis-je et pourquoi l\u2019Ayurveda ? - Fenix Ayurv\u00e9da","robots":{"index":"index","follow":"follow","max-snippet":"max-snippet:-1","max-image-preview":"max-image-preview:large","max-video-preview":"max-video-preview:-1"},"canonical":"https:\/\/fenix-ayurveda.fr\/index.php\/qui-suis-je-et-pourquoi-layurveda\/","og_locale":"fr_FR","og_type":"article","og_title":"Qui suis-je et pourquoi l\u2019Ayurveda ? - Fenix Ayurv\u00e9da","og_description":"Je m\u2019appelle Fran\u00e7ois-Xavier, praticien passionn\u00e9 d\u2019Ayurveda et fondateur de Fenix Ayurveda. Si cette m\u00e9decine ancestrale fait aujourd\u2019hui partie int\u00e9grante de ma vie, c\u2019est qu\u2019elle m\u2019a litt\u00e9ralement sauv\u00e9. \ud83d\udca5 Risque d\u2019AVC, pr\u00e9diab\u00e8te, ob\u00e9sit\u00e9 morbide, \u00e9puisement (burn-out), \u2026 c\u2019est dans ce contexte que je d\u00e9couvre, presque par hasard, l\u2019univers des soins naturels. Et tr\u00e8s vite, je comprends &hellip; Continuer la lecture de &laquo;&nbsp;Qui suis-je et pourquoi l\u2019Ayurveda ?&nbsp;&raquo;","og_url":"https:\/\/fenix-ayurveda.fr\/index.php\/qui-suis-je-et-pourquoi-layurveda\/","og_site_name":"Fenix Ayurv\u00e9da","article_publisher":"https:\/\/www.facebook.com\/profile.php?id=61575243297109","article_modified_time":"2025-07-07T17:13:32+00:00","og_image":[{"width":1796,"height":2348,"url":"https:\/\/fenix-ayurveda.fr\/wp-content\/uploads\/2025\/07\/FX.jpg","type":"image\/jpeg"}],"twitter_card":"summary_large_image","twitter_misc":{"Dur\u00e9e de lecture estim\u00e9e":"4 minutes"},"schema":{"@context":"https:\/\/schema.org","@graph":[{"@type":"WebPage","@id":"https:\/\/fenix-ayurveda.fr\/index.php\/qui-suis-je-et-pourquoi-layurveda\/","url":"https:\/\/fenix-ayurveda.fr\/index.php\/qui-suis-je-et-pourquoi-layurveda\/","name":"Qui suis-je et pourquoi l\u2019Ayurveda ? - Fenix Ayurv\u00e9da","isPartOf":{"@id":"https:\/\/fenix-ayurveda.fr\/#website"},"primaryImageOfPage":{"@id":"https:\/\/fenix-ayurveda.fr\/index.php\/qui-suis-je-et-pourquoi-layurveda\/#primaryimage"},"image":{"@id":"https:\/\/fenix-ayurveda.fr\/index.php\/qui-suis-je-et-pourquoi-layurveda\/#primaryimage"},"thumbnailUrl":"https:\/\/fenix-ayurveda.fr\/wp-content\/uploads\/2025\/07\/FX-783x1024.jpg","datePublished":"2025-07-03T14:48:52+00:00","dateModified":"2025-07-07T17:13:32+00:00","breadcrumb":{"@id":"https:\/\/fenix-ayurveda.fr\/index.php\/qui-suis-je-et-pourquoi-layurveda\/#breadcrumb"},"inLanguage":"fr-FR","potentialAction":[{"@type":"ReadAction","target":["https:\/\/fenix-ayurveda.fr\/index.php\/qui-suis-je-et-pourquoi-layurveda\/"]}]},{"@type":"ImageObject","inLanguage":"fr-FR","@id":"https:\/\/fenix-ayurveda.fr\/index.php\/qui-suis-je-et-pourquoi-layurveda\/#primaryimage","url":"https:\/\/fenix-ayurveda.fr\/wp-content\/uploads\/2025\/07\/FX.jpg","contentUrl":"https:\/\/fenix-ayurveda.fr\/wp-content\/uploads\/2025\/07\/FX.jpg","width":1796,"height":2348},{"@type":"BreadcrumbList","@id":"https:\/\/fenix-ayurveda.fr\/index.php\/qui-suis-je-et-pourquoi-layurveda\/#breadcrumb","itemListElement":[{"@type":"ListItem","position":1,"name":"Accueil","item":"https:\/\/fenix-ayurveda.fr\/"},{"@type":"ListItem","position":2,"name":"Qui suis-je et pourquoi l\u2019Ayurveda ?"}]},{"@type":"WebSite","@id":"https:\/\/fenix-ayurveda.fr\/#website","url":"https:\/\/fenix-ayurveda.fr\/","name":"Fenix Ayurv\u00e9da","description":"Renaissance de votre sant\u00e9","publisher":{"@id":"https:\/\/fenix-ayurveda.fr\/#organization"},"alternateName":"FX Ayurveda","potentialAction":[{"@type":"SearchAction","target":{"@type":"EntryPoint","urlTemplate":"https:\/\/fenix-ayurveda.fr\/?s={search_term_string}"},"query-input":{"@type":"PropertyValueSpecification","valueRequired":true,"valueName":"search_term_string"}}],"inLanguage":"fr-FR"},{"@type":"Organization","@id":"https:\/\/fenix-ayurveda.fr\/#organization","name":"Fenix Ayurv\u00e9da","url":"https:\/\/fenix-ayurveda.fr\/","logo":{"@type":"ImageObject","inLanguage":"fr-FR","@id":"https:\/\/fenix-ayurveda.fr\/#\/schema\/logo\/image\/","url":"https:\/\/fenix-ayurveda.fr\/wp-content\/uploads\/2024\/07\/Fenix_vert1.png","contentUrl":"https:\/\/fenix-ayurveda.fr\/wp-content\/uploads\/2024\/07\/Fenix_vert1.png","width":1024,"height":1024,"caption":"Fenix Ayurv\u00e9da"},"image":{"@id":"https:\/\/fenix-ayurveda.fr\/#\/schema\/logo\/image\/"},"sameAs":["https:\/\/www.facebook.com\/profile.php?id=61575243297109"]}]}},"_links":{"self":[{"href":"https:\/\/fenix-ayurveda.fr\/index.php\/wp-json\/wp\/v2\/pages\/272","targetHints":{"allow":["GET"]}}],"collection":[{"href":"https:\/\/fenix-ayurveda.fr\/index.php\/wp-json\/wp\/v2\/pages"}],"about":[{"href":"https:\/\/fenix-ayurveda.fr\/index.php\/wp-json\/wp\/v2\/types\/page"}],"author":[{"embeddable":true,"href":"https:\/\/fenix-ayurveda.fr\/index.php\/wp-json\/wp\/v2\/users\/2"}],"replies":[{"embeddable":true,"href":"https:\/\/fenix-ayurveda.fr\/index.php\/wp-json\/wp\/v2\/comments?post=272"}],"version-history":[{"count":3,"href":"https:\/\/fenix-ayurveda.fr\/index.php\/wp-json\/wp\/v2\/pages\/272\/revisions"}],"predecessor-version":[{"id":287,"href":"https:\/\/fenix-ayurveda.fr\/index.php\/wp-json\/wp\/v2\/pages\/272\/revisions\/287"}],"wp:attachment":[{"href":"https:\/\/fenix-ayurveda.fr\/index.php\/wp-json\/wp\/v2\/media?parent=272"}],"curies":[{"name":"wp","href":"https:\/\/api.w.org\/{rel}","templated":true}]}}