{"id":214,"date":"2025-06-28T11:30:40","date_gmt":"2025-06-28T09:30:40","guid":{"rendered":"https:\/\/fenix-ayurveda.fr\/?page_id=214"},"modified":"2025-07-03T17:26:25","modified_gmt":"2025-07-03T15:26:25","slug":"layurveda-une-sagesse-millenaire-au-service-de-lequilibre","status":"publish","type":"page","link":"https:\/\/fenix-ayurveda.fr\/index.php\/layurveda-une-sagesse-millenaire-au-service-de-lequilibre\/","title":{"rendered":"L\u2019Ayurveda, une sagesse mill\u00e9naire au service de l\u2019\u00e9quilibre"},"content":{"rendered":"\n<p>L\u2019Ayurveda, qui signifie \u00ab\u202fscience de la vie\u202f\u00bb, est une sagesse mill\u00e9naire n\u00e9e en Inde, il y a plus de 5000 ans. Elle nous invite \u00e0 nous reconnecter \u00e0 notre nature profonde, en consid\u00e9rant l\u2019\u00eatre humain dans sa globalit\u00e9 \u2014 corps, esprit et \u00e2me. C&rsquo;est ce qui permet \u00e0 l&rsquo;Ayurveda d&rsquo;\u00eatre toujorus dans le pr\u00e9sent.<\/p>\n\n\n\n<p>Ce n\u2019est pas une m\u00e9decine des sympt\u00f4mes, mais une approche holistique qui va \u00e0 la source : elle cherche \u00e0 comprendre l\u2019origine du mal-\u00eatre, les d\u00e9s\u00e9quilibres subtils qui peuvent, avec le temps, se transformer en fatigue, maladies, troubles digestifs, stress , &#8230;<\/p>\n\n\n\n<p>Dans la vie quotidienne, l\u2019Ayurveda s\u2019exprime simplement. Adapter son alimentation selon sa constitution et la saison, se lever au bon moment, respirer, massage du corps avec de l\u2019huile, int\u00e9grer les plantes dans sa routine. Chaque petit geste devient un acte de soin. Petit \u00e0 petit, on retrouve de l\u2019\u00e9nergie, une clart\u00e9 d\u2019esprit, une meilleure digestion\u2026 et un sentiment d\u2019harmonie.<\/p>\n\n\n\n<p>Chez Fenix Ayurveda, je vous accompagne avec bienveillance pour int\u00e9grer ces pratiques \u00e0 votre rythme. Les soins sont personnalis\u00e9s, les conseils ajust\u00e9s \u00e0 qui vous \u00eates et selon vos objectifs, car chacun m\u00e9rite un accompagnement respectueux et profond.<\/p>\n\n\n<div class=\"is-default-size wp-block-site-logo\"><a href=\"https:\/\/fenix-ayurveda.fr\/\" class=\"custom-logo-link\" rel=\"home\"><img loading=\"lazy\" decoding=\"async\" width=\"1024\" height=\"1024\" src=\"https:\/\/fenix-ayurveda.fr\/wp-content\/uploads\/2024\/07\/Fenix_vert1.png\" class=\"custom-logo\" alt=\"Fenix Ayurv\u00e9da\" srcset=\"https:\/\/fenix-ayurveda.fr\/wp-content\/uploads\/2024\/07\/Fenix_vert1.png 1024w, https:\/\/fenix-ayurveda.fr\/wp-content\/uploads\/2024\/07\/Fenix_vert1-300x300.png 300w, https:\/\/fenix-ayurveda.fr\/wp-content\/uploads\/2024\/07\/Fenix_vert1-150x150.png 150w, https:\/\/fenix-ayurveda.fr\/wp-content\/uploads\/2024\/07\/Fenix_vert1-768x768.png 768w, https:\/\/fenix-ayurveda.fr\/wp-content\/uploads\/2024\/07\/Fenix_vert1-100x100.png 100w\" sizes=\"auto, 100vw\" \/><\/a><\/div>\n\n\n<p><\/p>\n\n\n\n<p>Pages <\/p>\n\n\n\n<ul class=\"wp-block-list\">\n<li><a href=\"https:\/\/fenix-ayurveda.fr\/\">Bienvenue<\/a><\/li>\n\n\n\n<li><a href=\"https:\/\/fenix-ayurveda.fr\/index.php\/qui-suis-je-et-pourquoi-layurveda\/\">Qui-suis-je et pourquoi l&rsquo;ayurveda<\/a>?<\/li>\n\n\n\n<li><a href=\"https:\/\/fenix-ayurveda.fr\/index.php\/layurveda-une-sagesse-millenaire-au-service-de-lequilibre\/\">L\u2019Ayurveda, une sagesse mill\u00e9naire au service de l\u2019\u00e9quilibre<\/a><\/li>\n\n\n\n<li><a href=\"https:\/\/fenix-ayurveda.fr\/index.php\/massage-bien-etre\/\">D\u00e9couvrez les bienfaits du massage ayurv\u00e9dique<\/a><\/li>\n\n\n\n<li><a href=\"https:\/\/fenix-ayurveda.fr\/index.php\/comment-se-deroule-un-massage\/\">D\u00e9roulement d\u2019un massage : une exp\u00e9rience de bien-\u00eatre sur mesure<\/a><\/li>\n\n\n\n<li><a href=\"https:\/\/fenix-ayurveda.fr\/index.php\/mes-honoraires\/\">Mes honoraires &#8211; consultation en Ayurveda et massages<\/a><\/li>\n\n\n\n<li><a href=\"https:\/\/fenix-ayurveda.fr\/index.php\/autres-activites\/\">Autres activit\u00e9s<\/a><\/li>\n\n\n\n<li><a href=\"https:\/\/fenix-ayurveda.fr\/index.php\/politique-de-confidentialite\/\">Politique de confidentialit\u00e9 et mentions l\u00e9agles<\/a><\/li>\n<\/ul>\n","protected":false},"excerpt":{"rendered":"<p>L\u2019Ayurveda, qui signifie \u00ab\u202fscience de la vie\u202f\u00bb, est une sagesse mill\u00e9naire n\u00e9e en Inde, il y a plus de 5000 ans. Elle nous invite \u00e0 nous reconnecter \u00e0 notre nature profonde, en consid\u00e9rant l\u2019\u00eatre humain dans sa globalit\u00e9 \u2014 corps, esprit et \u00e2me. C&rsquo;est ce qui permet \u00e0 l&rsquo;Ayurveda d&rsquo;\u00eatre toujorus dans le pr\u00e9sent. Ce &hellip; <\/p>\n<p class=\"link-more\"><a href=\"https:\/\/fenix-ayurveda.fr\/index.php\/layurveda-une-sagesse-millenaire-au-service-de-lequilibre\/\" class=\"more-link\">Continuer la lecture<span class=\"screen-reader-text\"> de &laquo;&nbsp;L\u2019Ayurveda, une sagesse mill\u00e9naire au service de l\u2019\u00e9quilibre&nbsp;&raquo;<\/span><\/a><\/p>\n","protected":false},"author":2,"featured_media":0,"parent":0,"menu_order":0,"comment_status":"closed","ping_status":"closed","template":"","meta":{"footnotes":""},"class_list":["post-214","page","type-page","status-publish","hentry"],"yoast_head":"<!-- This site is optimized with the Yoast SEO plugin v26.5 - https:\/\/yoast.com\/wordpress\/plugins\/seo\/ -->\n<title>L\u2019Ayurveda, une sagesse mill\u00e9naire au service de l\u2019\u00e9quilibre - Fenix Ayurv\u00e9da<\/title>\n<meta name=\"robots\" content=\"index, follow, max-snippet:-1, max-image-preview:large, max-video-preview:-1\" \/>\n<link rel=\"canonical\" href=\"https:\/\/fenix-ayurveda.fr\/index.php\/layurveda-une-sagesse-millenaire-au-service-de-lequilibre\/\" \/>\n<meta property=\"og:locale\" content=\"fr_FR\" \/>\n<meta property=\"og:type\" content=\"article\" \/>\n<meta property=\"og:title\" content=\"L\u2019Ayurveda, une sagesse mill\u00e9naire au service de l\u2019\u00e9quilibre - Fenix Ayurv\u00e9da\" \/>\n<meta property=\"og:description\" content=\"L\u2019Ayurveda, qui signifie \u00ab\u202fscience de la vie\u202f\u00bb, est une sagesse mill\u00e9naire n\u00e9e en Inde, il y a plus de 5000 ans. Elle nous invite \u00e0 nous reconnecter \u00e0 notre nature profonde, en consid\u00e9rant l\u2019\u00eatre humain dans sa globalit\u00e9 \u2014 corps, esprit et \u00e2me. C&rsquo;est ce qui permet \u00e0 l&rsquo;Ayurveda d&rsquo;\u00eatre toujorus dans le pr\u00e9sent. Ce &hellip; Continuer la lecture de &laquo;&nbsp;L\u2019Ayurveda, une sagesse mill\u00e9naire au service de l\u2019\u00e9quilibre&nbsp;&raquo;\" \/>\n<meta property=\"og:url\" content=\"https:\/\/fenix-ayurveda.fr\/index.php\/layurveda-une-sagesse-millenaire-au-service-de-lequilibre\/\" \/>\n<meta property=\"og:site_name\" content=\"Fenix Ayurv\u00e9da\" \/>\n<meta property=\"article:publisher\" content=\"https:\/\/www.facebook.com\/profile.php?id=61575243297109\" \/>\n<meta property=\"article:modified_time\" content=\"2025-07-03T15:26:25+00:00\" \/>\n<meta name=\"twitter:card\" content=\"summary_large_image\" \/>\n<script type=\"application\/ld+json\" class=\"yoast-schema-graph\">{\"@context\":\"https:\/\/schema.org\",\"@graph\":[{\"@type\":\"WebPage\",\"@id\":\"https:\/\/fenix-ayurveda.fr\/index.php\/layurveda-une-sagesse-millenaire-au-service-de-lequilibre\/\",\"url\":\"https:\/\/fenix-ayurveda.fr\/index.php\/layurveda-une-sagesse-millenaire-au-service-de-lequilibre\/\",\"name\":\"L\u2019Ayurveda, une sagesse mill\u00e9naire au service de l\u2019\u00e9quilibre - Fenix Ayurv\u00e9da\",\"isPartOf\":{\"@id\":\"https:\/\/fenix-ayurveda.fr\/#website\"},\"datePublished\":\"2025-06-28T09:30:40+00:00\",\"dateModified\":\"2025-07-03T15:26:25+00:00\",\"breadcrumb\":{\"@id\":\"https:\/\/fenix-ayurveda.fr\/index.php\/layurveda-une-sagesse-millenaire-au-service-de-lequilibre\/#breadcrumb\"},\"inLanguage\":\"fr-FR\",\"potentialAction\":[{\"@type\":\"ReadAction\",\"target\":[\"https:\/\/fenix-ayurveda.fr\/index.php\/layurveda-une-sagesse-millenaire-au-service-de-lequilibre\/\"]}]},{\"@type\":\"BreadcrumbList\",\"@id\":\"https:\/\/fenix-ayurveda.fr\/index.php\/layurveda-une-sagesse-millenaire-au-service-de-lequilibre\/#breadcrumb\",\"itemListElement\":[{\"@type\":\"ListItem\",\"position\":1,\"name\":\"Accueil\",\"item\":\"https:\/\/fenix-ayurveda.fr\/\"},{\"@type\":\"ListItem\",\"position\":2,\"name\":\"L\u2019Ayurveda, une sagesse mill\u00e9naire au service de l\u2019\u00e9quilibre\"}]},{\"@type\":\"WebSite\",\"@id\":\"https:\/\/fenix-ayurveda.fr\/#website\",\"url\":\"https:\/\/fenix-ayurveda.fr\/\",\"name\":\"Fenix Ayurv\u00e9da\",\"description\":\"Renaissance de votre sant\u00e9\",\"publisher\":{\"@id\":\"https:\/\/fenix-ayurveda.fr\/#organization\"},\"alternateName\":\"FX Ayurveda\",\"potentialAction\":[{\"@type\":\"SearchAction\",\"target\":{\"@type\":\"EntryPoint\",\"urlTemplate\":\"https:\/\/fenix-ayurveda.fr\/?s={search_term_string}\"},\"query-input\":{\"@type\":\"PropertyValueSpecification\",\"valueRequired\":true,\"valueName\":\"search_term_string\"}}],\"inLanguage\":\"fr-FR\"},{\"@type\":\"Organization\",\"@id\":\"https:\/\/fenix-ayurveda.fr\/#organization\",\"name\":\"Fenix Ayurv\u00e9da\",\"url\":\"https:\/\/fenix-ayurveda.fr\/\",\"logo\":{\"@type\":\"ImageObject\",\"inLanguage\":\"fr-FR\",\"@id\":\"https:\/\/fenix-ayurveda.fr\/#\/schema\/logo\/image\/\",\"url\":\"https:\/\/fenix-ayurveda.fr\/wp-content\/uploads\/2024\/07\/Fenix_vert1.png\",\"contentUrl\":\"https:\/\/fenix-ayurveda.fr\/wp-content\/uploads\/2024\/07\/Fenix_vert1.png\",\"width\":1024,\"height\":1024,\"caption\":\"Fenix Ayurv\u00e9da\"},\"image\":{\"@id\":\"https:\/\/fenix-ayurveda.fr\/#\/schema\/logo\/image\/\"},\"sameAs\":[\"https:\/\/www.facebook.com\/profile.php?id=61575243297109\"]}]}<\/script>\n<!-- \/ Yoast SEO plugin. -->","yoast_head_json":{"title":"L\u2019Ayurveda, une sagesse mill\u00e9naire au service de l\u2019\u00e9quilibre - Fenix Ayurv\u00e9da","robots":{"index":"index","follow":"follow","max-snippet":"max-snippet:-1","max-image-preview":"max-image-preview:large","max-video-preview":"max-video-preview:-1"},"canonical":"https:\/\/fenix-ayurveda.fr\/index.php\/layurveda-une-sagesse-millenaire-au-service-de-lequilibre\/","og_locale":"fr_FR","og_type":"article","og_title":"L\u2019Ayurveda, une sagesse mill\u00e9naire au service de l\u2019\u00e9quilibre - Fenix Ayurv\u00e9da","og_description":"L\u2019Ayurveda, qui signifie \u00ab\u202fscience de la vie\u202f\u00bb, est une sagesse mill\u00e9naire n\u00e9e en Inde, il y a plus de 5000 ans. Elle nous invite \u00e0 nous reconnecter \u00e0 notre nature profonde, en consid\u00e9rant l\u2019\u00eatre humain dans sa globalit\u00e9 \u2014 corps, esprit et \u00e2me. C&rsquo;est ce qui permet \u00e0 l&rsquo;Ayurveda d&rsquo;\u00eatre toujorus dans le pr\u00e9sent. Ce &hellip; Continuer la lecture de &laquo;&nbsp;L\u2019Ayurveda, une sagesse mill\u00e9naire au service de l\u2019\u00e9quilibre&nbsp;&raquo;","og_url":"https:\/\/fenix-ayurveda.fr\/index.php\/layurveda-une-sagesse-millenaire-au-service-de-lequilibre\/","og_site_name":"Fenix Ayurv\u00e9da","article_publisher":"https:\/\/www.facebook.com\/profile.php?id=61575243297109","article_modified_time":"2025-07-03T15:26:25+00:00","twitter_card":"summary_large_image","schema":{"@context":"https:\/\/schema.org","@graph":[{"@type":"WebPage","@id":"https:\/\/fenix-ayurveda.fr\/index.php\/layurveda-une-sagesse-millenaire-au-service-de-lequilibre\/","url":"https:\/\/fenix-ayurveda.fr\/index.php\/layurveda-une-sagesse-millenaire-au-service-de-lequilibre\/","name":"L\u2019Ayurveda, une sagesse mill\u00e9naire au service de l\u2019\u00e9quilibre - Fenix Ayurv\u00e9da","isPartOf":{"@id":"https:\/\/fenix-ayurveda.fr\/#website"},"datePublished":"2025-06-28T09:30:40+00:00","dateModified":"2025-07-03T15:26:25+00:00","breadcrumb":{"@id":"https:\/\/fenix-ayurveda.fr\/index.php\/layurveda-une-sagesse-millenaire-au-service-de-lequilibre\/#breadcrumb"},"inLanguage":"fr-FR","potentialAction":[{"@type":"ReadAction","target":["https:\/\/fenix-ayurveda.fr\/index.php\/layurveda-une-sagesse-millenaire-au-service-de-lequilibre\/"]}]},{"@type":"BreadcrumbList","@id":"https:\/\/fenix-ayurveda.fr\/index.php\/layurveda-une-sagesse-millenaire-au-service-de-lequilibre\/#breadcrumb","itemListElement":[{"@type":"ListItem","position":1,"name":"Accueil","item":"https:\/\/fenix-ayurveda.fr\/"},{"@type":"ListItem","position":2,"name":"L\u2019Ayurveda, une sagesse mill\u00e9naire au service de l\u2019\u00e9quilibre"}]},{"@type":"WebSite","@id":"https:\/\/fenix-ayurveda.fr\/#website","url":"https:\/\/fenix-ayurveda.fr\/","name":"Fenix Ayurv\u00e9da","description":"Renaissance de votre sant\u00e9","publisher":{"@id":"https:\/\/fenix-ayurveda.fr\/#organization"},"alternateName":"FX Ayurveda","potentialAction":[{"@type":"SearchAction","target":{"@type":"EntryPoint","urlTemplate":"https:\/\/fenix-ayurveda.fr\/?s={search_term_string}"},"query-input":{"@type":"PropertyValueSpecification","valueRequired":true,"valueName":"search_term_string"}}],"inLanguage":"fr-FR"},{"@type":"Organization","@id":"https:\/\/fenix-ayurveda.fr\/#organization","name":"Fenix Ayurv\u00e9da","url":"https:\/\/fenix-ayurveda.fr\/","logo":{"@type":"ImageObject","inLanguage":"fr-FR","@id":"https:\/\/fenix-ayurveda.fr\/#\/schema\/logo\/image\/","url":"https:\/\/fenix-ayurveda.fr\/wp-content\/uploads\/2024\/07\/Fenix_vert1.png","contentUrl":"https:\/\/fenix-ayurveda.fr\/wp-content\/uploads\/2024\/07\/Fenix_vert1.png","width":1024,"height":1024,"caption":"Fenix Ayurv\u00e9da"},"image":{"@id":"https:\/\/fenix-ayurveda.fr\/#\/schema\/logo\/image\/"},"sameAs":["https:\/\/www.facebook.com\/profile.php?id=61575243297109"]}]}},"_links":{"self":[{"href":"https:\/\/fenix-ayurveda.fr\/index.php\/wp-json\/wp\/v2\/pages\/214","targetHints":{"allow":["GET"]}}],"collection":[{"href":"https:\/\/fenix-ayurveda.fr\/index.php\/wp-json\/wp\/v2\/pages"}],"about":[{"href":"https:\/\/fenix-ayurveda.fr\/index.php\/wp-json\/wp\/v2\/types\/page"}],"author":[{"embeddable":true,"href":"https:\/\/fenix-ayurveda.fr\/index.php\/wp-json\/wp\/v2\/users\/2"}],"replies":[{"embeddable":true,"href":"https:\/\/fenix-ayurveda.fr\/index.php\/wp-json\/wp\/v2\/comments?post=214"}],"version-history":[{"count":6,"href":"https:\/\/fenix-ayurveda.fr\/index.php\/wp-json\/wp\/v2\/pages\/214\/revisions"}],"predecessor-version":[{"id":281,"href":"https:\/\/fenix-ayurveda.fr\/index.php\/wp-json\/wp\/v2\/pages\/214\/revisions\/281"}],"wp:attachment":[{"href":"https:\/\/fenix-ayurveda.fr\/index.php\/wp-json\/wp\/v2\/media?parent=214"}],"curies":[{"name":"wp","href":"https:\/\/api.w.org\/{rel}","templated":true}]}}